{"id":9894,"date":"2020-09-21T09:32:36","date_gmt":"2020-09-21T06:32:36","guid":{"rendered":"http:\/\/auseklitis.eu\/?page_id=9894"},"modified":"2020-09-21T09:37:06","modified_gmt":"2020-09-21T06:37:06","slug":"privatuma-politika","status":"publish","type":"page","link":"https:\/\/auseklitis.eu\/?page_id=9894","title":{"rendered":"Priv\u0101tuma politika"},"content":{"rendered":"<p>\u0160aj\u0101 m\u0101jas lapas vietn\u0113 tiek izmantotas s\u012bkdatnes (ang\u013cu valod\u0101 \u201ecookies\u201d), lai pal\u012bdz\u0113tu uzlabot vietnes lieto\u0161anas pieredzi un kvalit\u0101ti, k\u0101 ar\u012b nodro\u0161in\u0101tu\u00a0t\u0101s teicamu darb\u012bbu.<\/p>\n<p>&nbsp;<\/p>\n<p>S\u012bkdatne (\u201ecookies\u201d) ir neliela teksta datne, kas tiek nos\u016bt\u012bta un saglab\u0101ta J\u016bsu dator\u0101 vai mobilaj\u0101 ier\u012bc\u0113 m\u0101jas lapas vietnes apmekl\u0113\u0161an\u0101s laik\u0101, l\u012bdzko J\u016bs atverat vietni.\u00a0Katr\u0101 n\u0101kamaj\u0101 apmekl\u0113juma reiz\u0113 s\u012bkdatnes tiek nos\u016bt\u012btas atpaka\u013c uz izcelsmes vietni vai tre\u0161\u0101s puses vietni, kas atpaz\u012bst attiec\u012bgo s\u012bkdatni un \u013cauj vietnei atcer\u0113ties lietot\u0101ja izv\u0113l\u0113tos iestat\u012bjumus n\u0101kamaj\u0101s apmekl\u0113juma reiz\u0113s, lai katru reizi tie neb\u016btu j\u0101nor\u0101da no jauna. Papildu inform\u0101ciju par s\u012bkdatn\u0113m varat ieg\u016bt m\u0101jas lap\u0101\u00a0<a href=\"https:\/\/www.aboutcookies.org\/\">https:\/\/www.aboutcookies.org\/<\/a>. S\u012bkdatnes netiek izmantotas, lai j\u016bs person\u012bgi identific\u0113tu.<\/p>\n<p>&nbsp;<\/p>\n<p>Apmekl\u0113jot m\u016bsu m\u0101jas lapas vietni, J\u016bs piekr\u012btat, ka m\u0113s uzkr\u0101jam un izmantojam J\u016bsu ier\u012bc\u0113 saglab\u0101t\u0101s s\u012bkdatnes. Ja v\u0113laties, J\u016bs varat ar\u012b s\u012bkdatnes kontrol\u0113t un izdz\u0113st. Inform\u0101ciju, k\u0101 to izdar\u012bt, varat izlas\u012bt m\u0101jas lap\u0101 <a href=\"https:\/\/www.aboutcookies.org\/\">https:\/\/www.aboutcookies.org\/<\/a>. J\u016bs varat izdz\u0113st visas s\u012bkdatnes, kuras ir J\u016bsu dator\u0101, un liel\u0101ko da\u013cu p\u0101rl\u016bkprogrammu var iestat\u012bt t\u0101, lai tiktu blo\u0137\u0113ta s\u012bkdat\u0146u ievieto\u0161ana dator\u0101. Ta\u010du t\u0101d\u0101 gad\u012bjum\u0101 Jums manu\u0101li b\u016bs j\u0101piel\u0101go iestat\u012bjumi ikreiz, kad apmekl\u0113siet t\u012bmek\u013ca vietni, un turkl\u0101t past\u0101v iesp\u0113jam\u012bba, ka da\u017ei pakalpojumi un funkcijas\u00a0nedarbosies.<\/p>\n<p>&nbsp;<\/p>\n<p>\u0160aj\u0101 m\u0101jas lapas vietn\u0113 tiek izmantotas zem\u0101k min\u0113t\u0101s s\u012bkdatnes ar \u0161\u0101diem glab\u0101\u0161anas termi\u0146iem:<br \/>\n<b>S\u012bkdatne<\/b>: PHPSESSID<br \/>\n<b>Dom\u0113ns<\/b>: auseklitis.eu<br \/>\n<b>S\u012bkdatnes tips<\/b>: Pirm\u0101s puses s\u012bkdatne<br \/>\n<b>Glab\u0101\u0161anas ilgums<\/b>: S\u012bkdatne ir der\u012bga tikai eso\u0161\u0101s sesijas laik\u0101 un tiks izdz\u0113sta l\u012bdz ar p\u0101rl\u016bkprogrammas aizv\u0113r\u0161anu<\/p>\n<p><i>* &#8211; Pirm\u0101s puses s\u012bkdatnes tiek uzglab\u0101tas uz m\u016bsu m\u0101jas lapas infrastrukt\u016bras. T\u0101s iesp\u0113jams atpaz\u012bt p\u0113c m\u016bsu m\u0101jas lapas dom\u0113na nosaukuma.\u00a0<\/i><\/p>\n<p>&nbsp;<\/p>\n<p>Inform\u0101cija par P\u0101rzini un Datu aizsardz\u012bbas speci\u0101listu:<\/p>\n<ul>\n<li>P\u0101rzinis: Gulbenes novada pa\u0161vald\u012bba. Adrese: \u0100be\u013cu iela 2, Gulbene, Gulbenes novads, LV-4401, re\u0123istr\u0101cijas Nr. 90009116327, t\u0101lr. 64497710, epasts: \u00a0dome@gulbene.lv.<\/li>\n<li>Datu aizsardz\u012bbas speci\u0101lists: Uldis V\u012btoli\u0146\u0161, t\u0101lr. +371 20384844, epasts: uldis.vitolins@gmail.com.<\/li>\n<\/ul>\n<p>&nbsp;<\/p>\n<p>Ja jums ir k\u0101di jaut\u0101jumi, ierosin\u0101jumi vai s\u016bdz\u012bbas saist\u012bb\u0101 ar to, k\u0101 m\u0113s apstr\u0101d\u0101jam un izmantojam J\u016bsu s\u012bkdatnes, l\u016bdzam sazin\u0101ties ar mums.<\/p>\n","protected":false},"excerpt":{"rendered":"<p>\u0160aj\u0101 m\u0101jas lapas vietn\u0113 tiek izmantotas s\u012bkdatnes (ang\u013cu valod\u0101 \u201ecookies\u201d), lai pal\u012bdz\u0113tu uzlabot vietnes lieto\u0161anas pieredzi un kvalit\u0101ti, k\u0101 ar\u012b nodro\u0161in\u0101tu\u00a0t\u0101s teicamu darb\u012bbu. &nbsp; S\u012bkdatne (\u201ecookies\u201d) ir neliela teksta datne, kas tiek nos\u016bt\u012bta un saglab\u0101ta J\u016bsu dator\u0101 vai mobilaj\u0101 ier\u012bc\u0113 m\u0101jas lapas vietnes apmekl\u0113\u0161an\u0101s laik\u0101, l\u012bdzko J\u016bs atverat vietni.\u00a0Katr\u0101 n\u0101kamaj\u0101 apmekl\u0113juma reiz\u0113 s\u012bkdatnes tiek nos\u016bt\u012btas&#8230;<\/p>\n","protected":false},"author":1,"featured_media":0,"parent":0,"menu_order":0,"comment_status":"closed","ping_status":"closed","template":"","meta":{"footnotes":""},"class_list":["post-9894","page","type-page","status-publish","hentry"],"_links":{"self":[{"href":"https:\/\/auseklitis.eu\/index.php?rest_route=\/wp\/v2\/pages\/9894","targetHints":{"allow":["GET"]}}],"collection":[{"href":"https:\/\/auseklitis.eu\/index.php?rest_route=\/wp\/v2\/pages"}],"about":[{"href":"https:\/\/auseklitis.eu\/index.php?rest_route=\/wp\/v2\/types\/page"}],"author":[{"embeddable":true,"href":"https:\/\/auseklitis.eu\/index.php?rest_route=\/wp\/v2\/users\/1"}],"replies":[{"embeddable":true,"href":"https:\/\/auseklitis.eu\/index.php?rest_route=%2Fwp%2Fv2%2Fcomments&post=9894"}],"version-history":[{"count":3,"href":"https:\/\/auseklitis.eu\/index.php?rest_route=\/wp\/v2\/pages\/9894\/revisions"}],"predecessor-version":[{"id":9897,"href":"https:\/\/auseklitis.eu\/index.php?rest_route=\/wp\/v2\/pages\/9894\/revisions\/9897"}],"wp:attachment":[{"href":"https:\/\/auseklitis.eu\/index.php?rest_route=%2Fwp%2Fv2%2Fmedia&parent=9894"}],"curies":[{"name":"wp","href":"https:\/\/api.w.org\/{rel}","templated":true}]}}