{"id":8691,"date":"2019-04-11T19:53:07","date_gmt":"2019-04-11T16:53:07","guid":{"rendered":"http:\/\/auseklitis.eu\/?page_id=8691"},"modified":"2024-11-15T16:31:57","modified_gmt":"2024-11-15T13:31:57","slug":"8691-2","status":"publish","type":"page","link":"https:\/\/auseklitis.eu\/?page_id=8691","title":{"rendered":"Iek\u0161\u0113j\u0101s k\u0101rt\u012bbas noteikumi"},"content":{"rendered":"\n<div data-wp-interactive=\"core\/file\" class=\"wp-block-file\"><object data-wp-bind--hidden=\"!state.hasPdfPreview\" hidden class=\"wp-block-file__embed\" data=\"https:\/\/auseklitis.eu\/wp-content\/uploads\/2024\/11\/Ieksejas_kartibas_noteikumi.pdf\" type=\"application\/pdf\" style=\"width:100%;height:600px\" aria-label=\"Iegult Ieksejas_kartibas_noteikumi.\"><\/object><a id=\"wp-block-file--media-4a778634-89bb-4c0d-845c-6754993e9a0b\" href=\"https:\/\/auseklitis.eu\/wp-content\/uploads\/2024\/11\/Ieksejas_kartibas_noteikumi.pdf\">Ieksejas_kartibas_noteikumi<\/a><a href=\"https:\/\/auseklitis.eu\/wp-content\/uploads\/2024\/11\/Ieksejas_kartibas_noteikumi.pdf\" class=\"wp-block-file__button wp-element-button\" download aria-describedby=\"wp-block-file--media-4a778634-89bb-4c0d-845c-6754993e9a0b\">Lejupiel\u0101d\u0113t<\/a><\/div>\n","protected":false},"excerpt":{"rendered":"","protected":false},"author":1,"featured_media":0,"parent":0,"menu_order":0,"comment_status":"closed","ping_status":"closed","template":"","meta":{"footnotes":""},"class_list":["post-8691","page","type-page","status-publish","hentry"],"_links":{"self":[{"href":"https:\/\/auseklitis.eu\/index.php?rest_route=\/wp\/v2\/pages\/8691","targetHints":{"allow":["GET"]}}],"collection":[{"href":"https:\/\/auseklitis.eu\/index.php?rest_route=\/wp\/v2\/pages"}],"about":[{"href":"https:\/\/auseklitis.eu\/index.php?rest_route=\/wp\/v2\/types\/page"}],"author":[{"embeddable":true,"href":"https:\/\/auseklitis.eu\/index.php?rest_route=\/wp\/v2\/users\/1"}],"replies":[{"embeddable":true,"href":"https:\/\/auseklitis.eu\/index.php?rest_route=%2Fwp%2Fv2%2Fcomments&post=8691"}],"version-history":[{"count":5,"href":"https:\/\/auseklitis.eu\/index.php?rest_route=\/wp\/v2\/pages\/8691\/revisions"}],"predecessor-version":[{"id":11640,"href":"https:\/\/auseklitis.eu\/index.php?rest_route=\/wp\/v2\/pages\/8691\/revisions\/11640"}],"wp:attachment":[{"href":"https:\/\/auseklitis.eu\/index.php?rest_route=%2Fwp%2Fv2%2Fmedia&parent=8691"}],"curies":[{"name":"wp","href":"https:\/\/api.w.org\/{rel}","templated":true}]}}