{"id":8540,"date":"2019-03-17T20:48:37","date_gmt":"2019-03-17T17:48:37","guid":{"rendered":"http:\/\/auseklitis.eu\/?page_id=8540"},"modified":"2025-03-21T13:11:02","modified_gmt":"2025-03-21T10:11:02","slug":"8-2","status":"publish","type":"page","link":"https:\/\/auseklitis.eu\/?page_id=8540","title":{"rendered":"K\u0101rt\u012bba, k\u0101d\u0101 r\u012bkojas b\u0113rna infekcijas slim\u012bbu gad\u012bjumos"},"content":{"rendered":"\n<div data-wp-interactive=\"core\/file\" class=\"wp-block-file\"><object data-wp-bind--hidden=\"!state.hasPdfPreview\" hidden class=\"wp-block-file__embed\" data=\"https:\/\/auseklitis.eu\/wp-content\/uploads\/2025\/03\/Kartiba_kada_rikojas_berna_infekcijas_gadijumos.pdf\" type=\"application\/pdf\" style=\"width:100%;height:600px\" aria-label=\"Iegult Kartiba_kada_rikojas_berna_infekcijas_gadijumos.\"><\/object><a id=\"wp-block-file--media-3a5deb9c-be78-4647-a49e-0a7d2d291dd5\" href=\"https:\/\/auseklitis.eu\/wp-content\/uploads\/2025\/03\/Kartiba_kada_rikojas_berna_infekcijas_gadijumos.pdf\">Kartiba_kada_rikojas_berna_infekcijas_gadijumos<\/a><a href=\"https:\/\/auseklitis.eu\/wp-content\/uploads\/2025\/03\/Kartiba_kada_rikojas_berna_infekcijas_gadijumos.pdf\" class=\"wp-block-file__button wp-element-button\" download aria-describedby=\"wp-block-file--media-3a5deb9c-be78-4647-a49e-0a7d2d291dd5\">Lejupiel\u0101d\u0113t<\/a><\/div>\n","protected":false},"excerpt":{"rendered":"","protected":false},"author":1,"featured_media":0,"parent":0,"menu_order":0,"comment_status":"closed","ping_status":"closed","template":"","meta":{"footnotes":""},"class_list":["post-8540","page","type-page","status-publish","hentry"],"_links":{"self":[{"href":"https:\/\/auseklitis.eu\/index.php?rest_route=\/wp\/v2\/pages\/8540","targetHints":{"allow":["GET"]}}],"collection":[{"href":"https:\/\/auseklitis.eu\/index.php?rest_route=\/wp\/v2\/pages"}],"about":[{"href":"https:\/\/auseklitis.eu\/index.php?rest_route=\/wp\/v2\/types\/page"}],"author":[{"embeddable":true,"href":"https:\/\/auseklitis.eu\/index.php?rest_route=\/wp\/v2\/users\/1"}],"replies":[{"embeddable":true,"href":"https:\/\/auseklitis.eu\/index.php?rest_route=%2Fwp%2Fv2%2Fcomments&post=8540"}],"version-history":[{"count":7,"href":"https:\/\/auseklitis.eu\/index.php?rest_route=\/wp\/v2\/pages\/8540\/revisions"}],"predecessor-version":[{"id":11654,"href":"https:\/\/auseklitis.eu\/index.php?rest_route=\/wp\/v2\/pages\/8540\/revisions\/11654"}],"wp:attachment":[{"href":"https:\/\/auseklitis.eu\/index.php?rest_route=%2Fwp%2Fv2%2Fmedia&parent=8540"}],"curies":[{"name":"wp","href":"https:\/\/api.w.org\/{rel}","templated":true}]}}