{"id":8534,"date":"2019-03-17T20:48:05","date_gmt":"2019-03-17T17:48:05","guid":{"rendered":"http:\/\/auseklitis.eu\/?page_id=8534"},"modified":"2023-11-15T19:47:56","modified_gmt":"2023-11-15T16:47:56","slug":"5-2","status":"publish","type":"page","link":"https:\/\/auseklitis.eu\/?page_id=8534","title":{"rendered":"Izgl\u012bt\u012bbas iest\u0101des metodisk\u0101s padomes reglaments"},"content":{"rendered":"\n<div data-wp-interactive=\"core\/file\" class=\"wp-block-file\"><object data-wp-bind--hidden=\"!state.hasPdfPreview\" hidden class=\"wp-block-file__embed\" data=\"https:\/\/auseklitis.eu\/wp-content\/uploads\/2023\/11\/Metodiskas-padomes-reglaments_02_11_2022.pdf\" type=\"application\/pdf\" style=\"width:100%;height:600px\" aria-label=\"Iegult Metodiskas-padomes-reglaments_02_11_2022.\"><\/object><a id=\"wp-block-file--media-0da09f5c-ebe6-47a0-b80d-196c0deffd45\" href=\"https:\/\/auseklitis.eu\/wp-content\/uploads\/2023\/11\/Metodiskas-padomes-reglaments_02_11_2022.pdf\">Metodiskas-padomes-reglaments_02_11_2022<\/a><a href=\"https:\/\/auseklitis.eu\/wp-content\/uploads\/2023\/11\/Metodiskas-padomes-reglaments_02_11_2022.pdf\" class=\"wp-block-file__button wp-element-button\" download aria-describedby=\"wp-block-file--media-0da09f5c-ebe6-47a0-b80d-196c0deffd45\">Lejupiel\u0101d\u0113t<\/a><\/div>\n","protected":false},"excerpt":{"rendered":"","protected":false},"author":1,"featured_media":0,"parent":0,"menu_order":0,"comment_status":"closed","ping_status":"closed","template":"","meta":{"footnotes":""},"class_list":["post-8534","page","type-page","status-publish","hentry"],"_links":{"self":[{"href":"https:\/\/auseklitis.eu\/index.php?rest_route=\/wp\/v2\/pages\/8534","targetHints":{"allow":["GET"]}}],"collection":[{"href":"https:\/\/auseklitis.eu\/index.php?rest_route=\/wp\/v2\/pages"}],"about":[{"href":"https:\/\/auseklitis.eu\/index.php?rest_route=\/wp\/v2\/types\/page"}],"author":[{"embeddable":true,"href":"https:\/\/auseklitis.eu\/index.php?rest_route=\/wp\/v2\/users\/1"}],"replies":[{"embeddable":true,"href":"https:\/\/auseklitis.eu\/index.php?rest_route=%2Fwp%2Fv2%2Fcomments&post=8534"}],"version-history":[{"count":7,"href":"https:\/\/auseklitis.eu\/index.php?rest_route=\/wp\/v2\/pages\/8534\/revisions"}],"predecessor-version":[{"id":11408,"href":"https:\/\/auseklitis.eu\/index.php?rest_route=\/wp\/v2\/pages\/8534\/revisions\/11408"}],"wp:attachment":[{"href":"https:\/\/auseklitis.eu\/index.php?rest_route=%2Fwp%2Fv2%2Fmedia&parent=8534"}],"curies":[{"name":"wp","href":"https:\/\/api.w.org\/{rel}","templated":true}]}}