{"id":8530,"date":"2019-03-17T20:47:43","date_gmt":"2019-03-17T17:47:43","guid":{"rendered":"http:\/\/auseklitis.eu\/?page_id=8530"},"modified":"2023-11-15T19:55:03","modified_gmt":"2023-11-15T16:55:03","slug":"3-2","status":"publish","type":"page","link":"https:\/\/auseklitis.eu\/?page_id=8530","title":{"rendered":"Interneta m\u0101jaslapas izveides, uztur\u0113\u0161anas un inform\u0101cijas aktualiz\u0113\u0161anas k\u0101rt\u012bba"},"content":{"rendered":"\n<div data-wp-interactive=\"core\/file\" class=\"wp-block-file\"><object data-wp-bind--hidden=\"!state.hasPdfPreview\" hidden class=\"wp-block-file__embed\" data=\"https:\/\/auseklitis.eu\/wp-content\/uploads\/2023\/11\/Interneta-majas-lapas-kartibas-noteikumi-1-2.pdf\" type=\"application\/pdf\" style=\"width:100%;height:600px\" aria-label=\"Iegult Interneta-majas-lapas-kartibas-noteikumi-1-2.\"><\/object><a id=\"wp-block-file--media-306f94b5-885b-4730-8015-e7426e340a91\" href=\"https:\/\/auseklitis.eu\/wp-content\/uploads\/2023\/11\/Interneta-majas-lapas-kartibas-noteikumi-1-2.pdf\">Interneta-majas-lapas-kartibas-noteikumi-1-2<\/a><a href=\"https:\/\/auseklitis.eu\/wp-content\/uploads\/2023\/11\/Interneta-majas-lapas-kartibas-noteikumi-1-2.pdf\" class=\"wp-block-file__button wp-element-button\" download aria-describedby=\"wp-block-file--media-306f94b5-885b-4730-8015-e7426e340a91\">Lejupiel\u0101d\u0113t<\/a><\/div>\n","protected":false},"excerpt":{"rendered":"","protected":false},"author":1,"featured_media":0,"parent":0,"menu_order":0,"comment_status":"closed","ping_status":"closed","template":"","meta":{"footnotes":""},"class_list":["post-8530","page","type-page","status-publish","hentry"],"_links":{"self":[{"href":"https:\/\/auseklitis.eu\/index.php?rest_route=\/wp\/v2\/pages\/8530","targetHints":{"allow":["GET"]}}],"collection":[{"href":"https:\/\/auseklitis.eu\/index.php?rest_route=\/wp\/v2\/pages"}],"about":[{"href":"https:\/\/auseklitis.eu\/index.php?rest_route=\/wp\/v2\/types\/page"}],"author":[{"embeddable":true,"href":"https:\/\/auseklitis.eu\/index.php?rest_route=\/wp\/v2\/users\/1"}],"replies":[{"embeddable":true,"href":"https:\/\/auseklitis.eu\/index.php?rest_route=%2Fwp%2Fv2%2Fcomments&post=8530"}],"version-history":[{"count":5,"href":"https:\/\/auseklitis.eu\/index.php?rest_route=\/wp\/v2\/pages\/8530\/revisions"}],"predecessor-version":[{"id":11419,"href":"https:\/\/auseklitis.eu\/index.php?rest_route=\/wp\/v2\/pages\/8530\/revisions\/11419"}],"wp:attachment":[{"href":"https:\/\/auseklitis.eu\/index.php?rest_route=%2Fwp%2Fv2%2Fmedia&parent=8530"}],"curies":[{"name":"wp","href":"https:\/\/api.w.org\/{rel}","templated":true}]}}