{"id":8526,"date":"2019-03-17T20:46:32","date_gmt":"2019-03-17T17:46:32","guid":{"rendered":"http:\/\/auseklitis.eu\/?page_id=8526"},"modified":"2024-06-04T14:26:33","modified_gmt":"2024-06-04T11:26:33","slug":"2-2","status":"publish","type":"page","link":"https:\/\/auseklitis.eu\/?page_id=8526","title":{"rendered":"Att\u012bst\u012bbas pl\u0101ns"},"content":{"rendered":"\n<div data-wp-interactive=\"core\/file\" class=\"wp-block-file\"><object data-wp-bind--hidden=\"!state.hasPdfPreview\" hidden class=\"wp-block-file__embed\" data=\"https:\/\/auseklitis.eu\/wp-content\/uploads\/2024\/06\/3PII_Auseklitis.pdf\" type=\"application\/pdf\" style=\"width:100%;height:600px\" aria-label=\"Iegult 3PII_Auseklitis.\"><\/object><a id=\"wp-block-file--media-7f247a9c-b2af-462a-b782-67a7ddd4c4ce\" href=\"https:\/\/auseklitis.eu\/wp-content\/uploads\/2024\/06\/3PII_Auseklitis.pdf\">3PII_Auseklitis<\/a><a href=\"https:\/\/auseklitis.eu\/wp-content\/uploads\/2024\/06\/3PII_Auseklitis.pdf\" class=\"wp-block-file__button wp-element-button\" download aria-describedby=\"wp-block-file--media-7f247a9c-b2af-462a-b782-67a7ddd4c4ce\">Download<\/a><\/div>\n","protected":false},"excerpt":{"rendered":"","protected":false},"author":1,"featured_media":0,"parent":0,"menu_order":0,"comment_status":"closed","ping_status":"closed","template":"","meta":{"footnotes":""},"class_list":["post-8526","page","type-page","status-publish","hentry"],"_links":{"self":[{"href":"https:\/\/auseklitis.eu\/index.php?rest_route=\/wp\/v2\/pages\/8526","targetHints":{"allow":["GET"]}}],"collection":[{"href":"https:\/\/auseklitis.eu\/index.php?rest_route=\/wp\/v2\/pages"}],"about":[{"href":"https:\/\/auseklitis.eu\/index.php?rest_route=\/wp\/v2\/types\/page"}],"author":[{"embeddable":true,"href":"https:\/\/auseklitis.eu\/index.php?rest_route=\/wp\/v2\/users\/1"}],"replies":[{"embeddable":true,"href":"https:\/\/auseklitis.eu\/index.php?rest_route=%2Fwp%2Fv2%2Fcomments&post=8526"}],"version-history":[{"count":7,"href":"https:\/\/auseklitis.eu\/index.php?rest_route=\/wp\/v2\/pages\/8526\/revisions"}],"predecessor-version":[{"id":11541,"href":"https:\/\/auseklitis.eu\/index.php?rest_route=\/wp\/v2\/pages\/8526\/revisions\/11541"}],"wp:attachment":[{"href":"https:\/\/auseklitis.eu\/index.php?rest_route=%2Fwp%2Fv2%2Fmedia&parent=8526"}],"curies":[{"name":"wp","href":"https:\/\/api.w.org\/{rel}","templated":true}]}}