{"id":8523,"date":"2019-03-17T20:43:57","date_gmt":"2019-03-17T17:43:57","guid":{"rendered":"http:\/\/auseklitis.eu\/?page_id=8523"},"modified":"2023-11-15T18:24:26","modified_gmt":"2023-11-15T15:24:26","slug":"1-2","status":"publish","type":"page","link":"https:\/\/auseklitis.eu\/?page_id=8523","title":{"rendered":"Pa\u0161nov\u0113rt\u0113juma zi\u0146ojums 2020.gads"},"content":{"rendered":"\n<div data-wp-interactive=\"core\/file\" class=\"wp-block-file\"><object data-wp-bind--hidden=\"!state.hasPdfPreview\" hidden class=\"wp-block-file__embed\" data=\"https:\/\/auseklitis.eu\/wp-content\/uploads\/2023\/11\/2020.pdf\" type=\"application\/pdf\" style=\"width:100%;height:600px\" aria-label=\"Iegult 2020.\"><\/object><a id=\"wp-block-file--media-c1dcc0db-a61d-46af-b919-71c0f89aa052\" href=\"https:\/\/auseklitis.eu\/wp-content\/uploads\/2023\/11\/2020.pdf\">2020<\/a><a href=\"https:\/\/auseklitis.eu\/wp-content\/uploads\/2023\/11\/2020.pdf\" class=\"wp-block-file__button wp-element-button\" download aria-describedby=\"wp-block-file--media-c1dcc0db-a61d-46af-b919-71c0f89aa052\">Lejupiel\u0101d\u0113t<\/a><\/div>\n","protected":false},"excerpt":{"rendered":"","protected":false},"author":1,"featured_media":0,"parent":7276,"menu_order":0,"comment_status":"closed","ping_status":"closed","template":"","meta":{"footnotes":""},"class_list":["post-8523","page","type-page","status-publish","hentry"],"_links":{"self":[{"href":"https:\/\/auseklitis.eu\/index.php?rest_route=\/wp\/v2\/pages\/8523","targetHints":{"allow":["GET"]}}],"collection":[{"href":"https:\/\/auseklitis.eu\/index.php?rest_route=\/wp\/v2\/pages"}],"about":[{"href":"https:\/\/auseklitis.eu\/index.php?rest_route=\/wp\/v2\/types\/page"}],"author":[{"embeddable":true,"href":"https:\/\/auseklitis.eu\/index.php?rest_route=\/wp\/v2\/users\/1"}],"replies":[{"embeddable":true,"href":"https:\/\/auseklitis.eu\/index.php?rest_route=%2Fwp%2Fv2%2Fcomments&post=8523"}],"version-history":[{"count":6,"href":"https:\/\/auseklitis.eu\/index.php?rest_route=\/wp\/v2\/pages\/8523\/revisions"}],"predecessor-version":[{"id":11389,"href":"https:\/\/auseklitis.eu\/index.php?rest_route=\/wp\/v2\/pages\/8523\/revisions\/11389"}],"up":[{"embeddable":true,"href":"https:\/\/auseklitis.eu\/index.php?rest_route=\/wp\/v2\/pages\/7276"}],"wp:attachment":[{"href":"https:\/\/auseklitis.eu\/index.php?rest_route=%2Fwp%2Fv2%2Fmedia&parent=8523"}],"curies":[{"name":"wp","href":"https:\/\/api.w.org\/{rel}","templated":true}]}}