{"id":7448,"date":"2018-08-31T20:59:38","date_gmt":"2018-08-31T17:59:38","guid":{"rendered":"http:\/\/auseklitis.eu\/?page_id=7448"},"modified":"2025-09-01T15:30:19","modified_gmt":"2025-09-01T12:30:19","slug":"grupa-marites","status":"publish","type":"page","link":"https:\/\/auseklitis.eu\/?page_id=7448","title":{"rendered":"&#8220;M\u0101r\u012bte&#8221;"},"content":{"rendered":"\n<h2 class=\"wp-block-heading has-text-align-center has-vivid-cyan-blue-color has-text-color has-x-large-font-size\">4-5 gadu vecuma grupa<\/h2>\n\n\n\n<p class=\"has-text-align-center has-vivid-cyan-blue-color has-text-color has-medium-font-size\"><strong>Grup\u0101 \u201cM\u0101r\u012bte\u201d str\u0101d\u0101 pirmsskolas skolot\u0101jas: <\/strong>Sanita Lazdi\u0146a &#8211; \u0160vekere, Dzintra V\u012bksna; skolot\u0101ja pal\u012bgs Ligita Ozerova<\/p>\n","protected":false},"excerpt":{"rendered":"<p>4-5 gadu vecuma grupa Grup\u0101 \u201cM\u0101r\u012bte\u201d str\u0101d\u0101 pirmsskolas skolot\u0101jas: Sanita Lazdi\u0146a &#8211; \u0160vekere, Dzintra V\u012bksna; skolot\u0101ja pal\u012bgs Ligita Ozerova<\/p>\n","protected":false},"author":1,"featured_media":0,"parent":7012,"menu_order":1,"comment_status":"closed","ping_status":"closed","template":"","meta":{"footnotes":""},"class_list":["post-7448","page","type-page","status-publish","hentry"],"_links":{"self":[{"href":"https:\/\/auseklitis.eu\/index.php?rest_route=\/wp\/v2\/pages\/7448","targetHints":{"allow":["GET"]}}],"collection":[{"href":"https:\/\/auseklitis.eu\/index.php?rest_route=\/wp\/v2\/pages"}],"about":[{"href":"https:\/\/auseklitis.eu\/index.php?rest_route=\/wp\/v2\/types\/page"}],"author":[{"embeddable":true,"href":"https:\/\/auseklitis.eu\/index.php?rest_route=\/wp\/v2\/users\/1"}],"replies":[{"embeddable":true,"href":"https:\/\/auseklitis.eu\/index.php?rest_route=%2Fwp%2Fv2%2Fcomments&post=7448"}],"version-history":[{"count":22,"href":"https:\/\/auseklitis.eu\/index.php?rest_route=\/wp\/v2\/pages\/7448\/revisions"}],"predecessor-version":[{"id":11701,"href":"https:\/\/auseklitis.eu\/index.php?rest_route=\/wp\/v2\/pages\/7448\/revisions\/11701"}],"up":[{"embeddable":true,"href":"https:\/\/auseklitis.eu\/index.php?rest_route=\/wp\/v2\/pages\/7012"}],"wp:attachment":[{"href":"https:\/\/auseklitis.eu\/index.php?rest_route=%2Fwp%2Fv2%2Fmedia&parent=7448"}],"curies":[{"name":"wp","href":"https:\/\/api.w.org\/{rel}","templated":true}]}}