{"id":7446,"date":"2018-08-31T20:58:09","date_gmt":"2018-08-31T17:58:09","guid":{"rendered":"http:\/\/auseklitis.eu\/?page_id=7446"},"modified":"2025-08-21T15:56:25","modified_gmt":"2025-08-21T12:56:25","slug":"zemenisu-grupa","status":"publish","type":"page","link":"https:\/\/auseklitis.eu\/?page_id=7446","title":{"rendered":"&#8220;Zemen\u012bte&#8221;"},"content":{"rendered":"<h1 style=\"text-align: center;\"><span style=\"color: #008080;\"><strong><span style=\"color: #0000ff;\">6-7 gadu vecuma grupa<\/span> <br \/><\/strong><\/span><\/h1>\n\n\n<h2 class=\"wp-block-heading has-text-align-center has-vivid-cyan-blue-color has-text-color has-medium-font-size\">Grup\u0101 \u201cZemen\u012bte\u201d str\u0101d\u0101 pirmsskolas skolot\u0101jas: Nora Supe, Asn\u0101te Dozorova; skolot\u0101ja pal\u012bgs: Anita Timofejeva<\/h2>\n","protected":false},"excerpt":{"rendered":"<p>6-7 gadu vecuma grupa Grup\u0101 \u201cZemen\u012bte\u201d str\u0101d\u0101 pirmsskolas skolot\u0101jas: Nora Supe, Asn\u0101te Dozorova; skolot\u0101ja pal\u012bgs: Anita Timofejeva<\/p>\n","protected":false},"author":1,"featured_media":0,"parent":7012,"menu_order":0,"comment_status":"closed","ping_status":"closed","template":"","meta":{"footnotes":""},"class_list":["post-7446","page","type-page","status-publish","hentry"],"_links":{"self":[{"href":"https:\/\/auseklitis.eu\/index.php?rest_route=\/wp\/v2\/pages\/7446","targetHints":{"allow":["GET"]}}],"collection":[{"href":"https:\/\/auseklitis.eu\/index.php?rest_route=\/wp\/v2\/pages"}],"about":[{"href":"https:\/\/auseklitis.eu\/index.php?rest_route=\/wp\/v2\/types\/page"}],"author":[{"embeddable":true,"href":"https:\/\/auseklitis.eu\/index.php?rest_route=\/wp\/v2\/users\/1"}],"replies":[{"embeddable":true,"href":"https:\/\/auseklitis.eu\/index.php?rest_route=%2Fwp%2Fv2%2Fcomments&post=7446"}],"version-history":[{"count":27,"href":"https:\/\/auseklitis.eu\/index.php?rest_route=\/wp\/v2\/pages\/7446\/revisions"}],"predecessor-version":[{"id":11686,"href":"https:\/\/auseklitis.eu\/index.php?rest_route=\/wp\/v2\/pages\/7446\/revisions\/11686"}],"up":[{"embeddable":true,"href":"https:\/\/auseklitis.eu\/index.php?rest_route=\/wp\/v2\/pages\/7012"}],"wp:attachment":[{"href":"https:\/\/auseklitis.eu\/index.php?rest_route=%2Fwp%2Fv2%2Fmedia&parent=7446"}],"curies":[{"name":"wp","href":"https:\/\/api.w.org\/{rel}","templated":true}]}}