{"id":7435,"date":"2018-08-31T20:48:13","date_gmt":"2018-08-31T17:48:13","guid":{"rendered":"http:\/\/auseklitis.eu\/?page_id=7435"},"modified":"2025-08-21T15:43:06","modified_gmt":"2025-08-21T12:43:06","slug":"grupa-pucites","status":"publish","type":"page","link":"https:\/\/auseklitis.eu\/?page_id=7435","title":{"rendered":"&#8220;\u0136ipars&#8221;"},"content":{"rendered":"\n<h2 class=\"wp-block-heading has-text-align-center has-vivid-cyan-blue-color has-text-color has-x-large-font-size\"><\/h2>\n\n\n\n<p class=\"has-text-align-center has-vivid-cyan-blue-color has-text-color has-medium-font-size\"><strong>Grup\u0101 \u201c\u0136ipars\u201d str\u0101d\u0101 pirmsskolas skolot\u0101ja: Sarma Nazarko<\/strong><\/p>\n","protected":false},"excerpt":{"rendered":"<p>Grup\u0101 \u201c\u0136ipars\u201d str\u0101d\u0101 pirmsskolas skolot\u0101ja: Sarma Nazarko<\/p>\n","protected":false},"author":1,"featured_media":0,"parent":7012,"menu_order":0,"comment_status":"closed","ping_status":"closed","template":"","meta":{"footnotes":""},"class_list":["post-7435","page","type-page","status-publish","hentry"],"_links":{"self":[{"href":"https:\/\/auseklitis.eu\/index.php?rest_route=\/wp\/v2\/pages\/7435","targetHints":{"allow":["GET"]}}],"collection":[{"href":"https:\/\/auseklitis.eu\/index.php?rest_route=\/wp\/v2\/pages"}],"about":[{"href":"https:\/\/auseklitis.eu\/index.php?rest_route=\/wp\/v2\/types\/page"}],"author":[{"embeddable":true,"href":"https:\/\/auseklitis.eu\/index.php?rest_route=\/wp\/v2\/users\/1"}],"replies":[{"embeddable":true,"href":"https:\/\/auseklitis.eu\/index.php?rest_route=%2Fwp%2Fv2%2Fcomments&post=7435"}],"version-history":[{"count":33,"href":"https:\/\/auseklitis.eu\/index.php?rest_route=\/wp\/v2\/pages\/7435\/revisions"}],"predecessor-version":[{"id":11677,"href":"https:\/\/auseklitis.eu\/index.php?rest_route=\/wp\/v2\/pages\/7435\/revisions\/11677"}],"up":[{"embeddable":true,"href":"https:\/\/auseklitis.eu\/index.php?rest_route=\/wp\/v2\/pages\/7012"}],"wp:attachment":[{"href":"https:\/\/auseklitis.eu\/index.php?rest_route=%2Fwp%2Fv2%2Fmedia&parent=7435"}],"curies":[{"name":"wp","href":"https:\/\/api.w.org\/{rel}","templated":true}]}}