{"id":7358,"date":"2018-04-17T19:58:48","date_gmt":"2018-04-17T16:58:48","guid":{"rendered":"http:\/\/auseklitis.eu\/?page_id=7358"},"modified":"2023-08-28T19:21:45","modified_gmt":"2023-08-28T16:21:45","slug":"muzikas-pedagogs","status":"publish","type":"page","link":"https:\/\/auseklitis.eu\/?page_id=7358","title":{"rendered":"M\u016bzikas un deju nodarb\u012bbas"},"content":{"rendered":"<h3><span style=\"color: #008000;\">M\u016bzikas nodarb\u012bb\u0101s\u00a0 b\u0113rni apg\u016bst vok\u0101l\u0101s prasmes, pilnveido dzied\u0101\u0161anas iema\u0146as, katra nodarb\u012bba s\u0101kas ar iedzied\u0101\u0161an\u0101s vingrin\u0101jumiem, vingrinot artikul\u0101cijas apar\u0101tu, k\u0101 ar\u012b s\u012bko pirkstu muskulat\u016bru, att\u012bstot b\u0113rn\u0101 dikciju un pareizu elpo\u0161anu. B\u0113rni vingrin\u0101s dzied\u0101t, ritmiz\u0113t ar da\u017e\u0101diem ska\u0146u r\u012bkiem, apg\u016bst element\u0101r\u0101s prasmes muzic\u0113t.<\/span><br \/>\n<span style=\"color: #008000;\">M\u016bzikas nodarb\u012bb\u0101s b\u0113rni apg\u016bst ar\u012b ritmiskas kust\u012bbas m\u016bzikas pavad\u012bjum\u0101.<\/span><\/h3>\n<p><span style=\"color: #008000;\"><strong>K\u0101p\u0113c b\u0113rnam ir vajadz\u012bga m\u016bzika?<\/strong><\/span><br \/>\n<span style=\"color: #008000;\">Katrs b\u0113rns kop\u0161 dzim\u0161anas ir muzik\u0101ls. pedagogu un vec\u0101ku uzdevums, ir pareizi izmantot \u0161o dabas talantu, \u00a0par\u0101d\u012bt ikvienam b\u0113rnam cik pasakaina, kr\u0101saina un emocion\u0101la ir m\u016bzikas pasaule.<\/span><br \/>\n<span style=\"color: #008000;\">M\u016bzikas nodarb\u012bbas b\u0113rniem, jau no agra vecuma, \u013coti efekt\u012bvi pal\u012bdz vi\u0146u kop\u0113jai att\u012bst\u012bbai.<\/span><br \/>\n<span style=\"color: #008000;\">Valoda, kust\u012bbu koordin\u0101cija, uzman\u012bbas koncentr\u0101cija, sp\u0113ja m\u0101c\u012bties, sp\u0113ja klaus\u012bties un dzird\u0113t, redz\u0113t, just \u2013 tas ne tuvu nav viss saraksts tam, ko jums var sniegt m\u016bzika b\u0113rna att\u012bst\u012bb\u0101.<\/span><br \/>\n<span style=\"color: #008000;\">M\u016bzikas nodarb\u012bbas paaugstina b\u0113rna intelektu\u0101lo l\u012bmeni, l\u012bdz ar to, vi\u0146am b\u016bs viegl\u0101k m\u0101c\u012bties skol\u0101, vienk\u0101r\u0161\u0101k uztvert un atcer\u0113ties jauno inform\u0101ciju.<\/span><br \/>\n<span style=\"color: #008000;\">K\u0101p\u0113c, ir svar\u012bgi, jau b\u0113rnud\u0101rz\u0101 s\u0101kt b\u0113rniem pasniegt m\u016bzikas nodarb\u012bbas.<\/span><br \/>\n<span style=\"color: #008000;\">Klaus\u012b\u0161an\u0101s.<\/span><\/p>\n<ul>\n<li><span style=\"color: #008000;\">Audzina interesi un v\u0113l\u0113\u0161anos klaus\u012bties m\u016bziku.<\/span><\/li>\n<li><span style=\"color: #008000;\">Form\u0113 m\u016bzikas kult\u016bras pamatus.<\/span><\/li>\n<li><span style=\"color: #008000;\">Biofizikas zin\u0101tnieki atz\u012bm\u0113ja br\u012bnumainu klasisk\u0101s m\u016bzikas akustikas vi\u013c\u0146u ietekmi uz cilv\u0113ka vesel\u012bbu.<\/span><\/li>\n<\/ul>\n<p><span style=\"color: #008000;\">Dzied\u0101\u0161ana.<\/span><\/p>\n<ul>\n<li><span style=\"color: #008000;\">Pat\u012bkams veids atmi\u0146as att\u012bst\u012bbai ( neuzb\u0101z\u012bga daudzk\u0101rt\u0113ja atk\u0101rto\u0161ana).<\/span><\/li>\n<li><span style=\"color: #008000;\">Izt\u0113les att\u012bst\u012b\u0161ana, sp\u0113ja att\u0113lot savas domas ar v\u0101rdiem, m\u016bziku, deju un \u017eestiem.<\/span><\/li>\n<li><span style=\"color: #008000;\">V\u0101rdu kr\u0101juma papla\u0161in\u0101\u0161an\u0101s b\u0113rnam, skaidr\u0101kas artikul\u0101cijas treni\u0146\u0161.<\/span><\/li>\n<li><span style=\"color: #008000;\">Att\u012bsta sp\u0113ju saprast izkl\u0101st\u012bto faktu sec\u012bbu.<\/span><\/li>\n<li><span style=\"color: #008000;\">Las\u012b\u0161anas prasmes izveide: dzied\u0101\u0161ana pal\u012bdz saprast valodas ritmisko uzb\u016bvi.<\/span><\/li>\n<li><span style=\"color: #008000;\">Dziesmas, kuras pavada ar \u017eestiem, kust\u012bb\u0101m, veicina ne tikai stabilu atmi\u0146as att\u012bst\u012bbu, bet ar\u012b att\u012bsta kust\u012bbu koordin\u0101ciju.<\/span><\/li>\n<li><span style=\"color: #008000;\">Pareiza elpo\u0161ana dzied\u0101\u0161anas laik\u0101 att\u012bsta plau\u0161as, tas veicina lab\u0101ku asins cirkul\u0101ciju organism\u0101 un tas, savuk\u0101rt, dod organismam atvese\u013cojo\u0161u efektu.<\/span><\/li>\n<li><span style=\"color: #008000;\">Dzied\u0101\u0161ana grup\u0101s att\u012bsta b\u0113rniem sp\u0113jas str\u0101d\u0101t komand\u0101.<\/span><\/li>\n<\/ul>\n<p><span style=\"color: #008000;\">Vis\u0101 pasaul\u0113, ar koru dzied\u0101\u0161ana pal\u012bdz\u012bbu, veiksm\u012bgi \u0101rst\u0113 b\u0113rnus no valodas raust\u012b\u0161anas, elpo\u0161anas org\u0101nu saslim\u0161an\u0101m. Dzied\u0101\u0161ana nostiprina sirds musku\u013cus.<\/span><br \/>\n<span style=\"color: #008000;\">Koru dzied\u0101\u0161ana ir efekt\u012bvs l\u012bdzeklis iek\u0161\u0113j\u0101s spriedzes no\u0146em\u0161anai un pa\u0161izpausmei.<\/span><br \/>\n<span style=\"color: #008000;\">Muzik\u0101li \u2013 ritmisk\u0101s kust\u012bbas.<\/span><br \/>\n<span style=\"color: #008000;\">Att\u012bsta muzik\u0101lo dzirdi un ritma saj\u016btu, m\u0101ku dziesmas laik\u0101 ar kust\u012bb\u0101m att\u0113lot dziesmas saturu.<\/span><br \/>\n<span style=\"color: #008000;\">M\u016bzikas instrumentu sp\u0113l\u0113\u0161ana.<\/span><br \/>\n<span style=\"color: #008000;\">S\u012bk\u0101s pirkstu motorikas tren\u0113\u0161ana veicina smadze\u0146u att\u012bst\u012bbu, jo pirkstu gali\u0146os ir sakoncentr\u0113ti visu iek\u0161\u0113jo org\u0101nu nervu gali.<\/span><br \/>\n<span style=\"color: #008000;\">Ko b\u0113rni ieg\u016bst no m\u016bzikas nodarb\u012bb\u0101m.<\/span><\/p>\n<ul>\n<li style=\"list-style-type: none;\">\n<ul>\n<li><span style=\"color: #008000;\">Rakstura audzin\u0101\u0161anu, p\u0101rliec\u012bbu pa\u0161am par sevi bez riska un traum\u0101m.<\/span><\/li>\n<li><span style=\"color: #008000;\">Saskarsmes prasmju att\u012bst\u012bba.<\/span><\/li>\n<li><span style=\"color: #008000;\">Emocionalit\u0101tes un j\u016bt\u012bguma att\u012bst\u012b\u0161ana (tikai emocion\u0101li cilv\u0113ki nav sp\u0113j\u012bgi veikt cietsird\u012bgus darbus).<\/span><\/li>\n<li><span style=\"color: #008000;\">Jaunu rakstura iez\u012bmju veido\u0161an\u0101s.<\/span><\/li>\n<\/ul>\n<\/li>\n<\/ul>\n<p><span style=\"color: #008000;\">M\u016bzika, rota\u013cas, dzied\u0101\u0161ana, dejas \u2013 tas viss rada pozit\u012bvas emocijas. Bet pozit\u012bvas emocijas \u2013 t\u0101 ir b\u0113rna iek\u0161\u0113j\u0101s pasaules labkl\u0101j\u012bba, vi\u0146a gar\u012bg\u0101 un fizisk\u0101 vesel\u012bba.<\/span><\/p>\n","protected":false},"excerpt":{"rendered":"<p>M\u016bzikas nodarb\u012bb\u0101s\u00a0 b\u0113rni apg\u016bst vok\u0101l\u0101s prasmes, pilnveido dzied\u0101\u0161anas iema\u0146as, katra nodarb\u012bba s\u0101kas ar iedzied\u0101\u0161an\u0101s vingrin\u0101jumiem, vingrinot artikul\u0101cijas apar\u0101tu, k\u0101 ar\u012b s\u012bko pirkstu muskulat\u016bru, att\u012bstot b\u0113rn\u0101 dikciju un pareizu elpo\u0161anu. B\u0113rni vingrin\u0101s dzied\u0101t, ritmiz\u0113t ar da\u017e\u0101diem ska\u0146u r\u012bkiem, apg\u016bst element\u0101r\u0101s prasmes muzic\u0113t. M\u016bzikas nodarb\u012bb\u0101s b\u0113rni apg\u016bst ar\u012b ritmiskas kust\u012bbas m\u016bzikas pavad\u012bjum\u0101. K\u0101p\u0113c b\u0113rnam ir vajadz\u012bga m\u016bzika?&#8230;<\/p>\n","protected":false},"author":1,"featured_media":0,"parent":4802,"menu_order":0,"comment_status":"closed","ping_status":"closed","template":"","meta":{"footnotes":""},"class_list":["post-7358","page","type-page","status-publish","hentry"],"_links":{"self":[{"href":"https:\/\/auseklitis.eu\/index.php?rest_route=\/wp\/v2\/pages\/7358","targetHints":{"allow":["GET"]}}],"collection":[{"href":"https:\/\/auseklitis.eu\/index.php?rest_route=\/wp\/v2\/pages"}],"about":[{"href":"https:\/\/auseklitis.eu\/index.php?rest_route=\/wp\/v2\/types\/page"}],"author":[{"embeddable":true,"href":"https:\/\/auseklitis.eu\/index.php?rest_route=\/wp\/v2\/users\/1"}],"replies":[{"embeddable":true,"href":"https:\/\/auseklitis.eu\/index.php?rest_route=%2Fwp%2Fv2%2Fcomments&post=7358"}],"version-history":[{"count":8,"href":"https:\/\/auseklitis.eu\/index.php?rest_route=\/wp\/v2\/pages\/7358\/revisions"}],"predecessor-version":[{"id":11271,"href":"https:\/\/auseklitis.eu\/index.php?rest_route=\/wp\/v2\/pages\/7358\/revisions\/11271"}],"up":[{"embeddable":true,"href":"https:\/\/auseklitis.eu\/index.php?rest_route=\/wp\/v2\/pages\/4802"}],"wp:attachment":[{"href":"https:\/\/auseklitis.eu\/index.php?rest_route=%2Fwp%2Fv2%2Fmedia&parent=7358"}],"curies":[{"name":"wp","href":"https:\/\/api.w.org\/{rel}","templated":true}]}}