{"id":7316,"date":"2018-04-17T19:22:30","date_gmt":"2018-04-17T16:22:30","guid":{"rendered":"http:\/\/auseklitis.eu\/?page_id=7316"},"modified":"2025-04-11T11:04:24","modified_gmt":"2025-04-11T08:04:24","slug":"iip-sezu-dokumenti","status":"publish","type":"page","link":"https:\/\/auseklitis.eu\/?page_id=7316","title":{"rendered":"Izgl\u012bt\u012bbas Iest\u0101des padomes reglaments"},"content":{"rendered":"\n<div data-wp-interactive=\"core\/file\" class=\"wp-block-file\"><object data-wp-bind--hidden=\"!state.hasPdfPreview\" hidden class=\"wp-block-file__embed\" data=\"https:\/\/auseklitis.eu\/wp-content\/uploads\/2025\/04\/3PII_IEK_2022_7.pdf\" type=\"application\/pdf\" style=\"width:100%;height:600px\" aria-label=\"Iegult 3PII_IEK_2022_7.\"><\/object><a id=\"wp-block-file--media-5bdcbe58-98dc-4dc1-bc4d-0f23353b15d8\" href=\"https:\/\/auseklitis.eu\/wp-content\/uploads\/2025\/04\/3PII_IEK_2022_7.pdf\">3PII_IEK_2022_7<\/a><a href=\"https:\/\/auseklitis.eu\/wp-content\/uploads\/2025\/04\/3PII_IEK_2022_7.pdf\" class=\"wp-block-file__button wp-element-button\" download aria-describedby=\"wp-block-file--media-5bdcbe58-98dc-4dc1-bc4d-0f23353b15d8\">Lejupiel\u0101d\u0113t<\/a><\/div>\n","protected":false},"excerpt":{"rendered":"","protected":false},"author":1,"featured_media":0,"parent":7276,"menu_order":0,"comment_status":"closed","ping_status":"closed","template":"","meta":{"footnotes":""},"class_list":["post-7316","page","type-page","status-publish","hentry"],"_links":{"self":[{"href":"https:\/\/auseklitis.eu\/index.php?rest_route=\/wp\/v2\/pages\/7316","targetHints":{"allow":["GET"]}}],"collection":[{"href":"https:\/\/auseklitis.eu\/index.php?rest_route=\/wp\/v2\/pages"}],"about":[{"href":"https:\/\/auseklitis.eu\/index.php?rest_route=\/wp\/v2\/types\/page"}],"author":[{"embeddable":true,"href":"https:\/\/auseklitis.eu\/index.php?rest_route=\/wp\/v2\/users\/1"}],"replies":[{"embeddable":true,"href":"https:\/\/auseklitis.eu\/index.php?rest_route=%2Fwp%2Fv2%2Fcomments&post=7316"}],"version-history":[{"count":7,"href":"https:\/\/auseklitis.eu\/index.php?rest_route=\/wp\/v2\/pages\/7316\/revisions"}],"predecessor-version":[{"id":11657,"href":"https:\/\/auseklitis.eu\/index.php?rest_route=\/wp\/v2\/pages\/7316\/revisions\/11657"}],"up":[{"embeddable":true,"href":"https:\/\/auseklitis.eu\/index.php?rest_route=\/wp\/v2\/pages\/7276"}],"wp:attachment":[{"href":"https:\/\/auseklitis.eu\/index.php?rest_route=%2Fwp%2Fv2%2Fmedia&parent=7316"}],"curies":[{"name":"wp","href":"https:\/\/api.w.org\/{rel}","templated":true}]}}