{"id":7312,"date":"2018-04-17T19:21:02","date_gmt":"2018-04-17T16:21:02","guid":{"rendered":"http:\/\/auseklitis.eu\/?page_id=7312"},"modified":"2023-11-15T19:00:35","modified_gmt":"2023-11-15T16:00:35","slug":"pasnovertejuma-zinojums","status":"publish","type":"page","link":"https:\/\/auseklitis.eu\/?page_id=7312","title":{"rendered":"Pa\u0161nov\u0113rt\u0113juma zi\u0146ojums 2019"},"content":{"rendered":"\n<div data-wp-interactive=\"core\/file\" class=\"wp-block-file\"><object data-wp-bind--hidden=\"!state.hasPdfPreview\" hidden class=\"wp-block-file__embed\" data=\"https:\/\/auseklitis.eu\/wp-content\/uploads\/2019\/08\/AKTUALIZ\u0112TS-ZI\u0145OJUMS.pdf\" type=\"application\/pdf\" style=\"width:100%;height:600px\" aria-label=\"Iegult AKTUALIZ\u0112TS ZI\u0145OJUMS.\"><\/object><a id=\"wp-block-file--media-95091d32-1f6a-4fde-a657-191572c401cb\" href=\"https:\/\/auseklitis.eu\/wp-content\/uploads\/2019\/08\/AKTUALIZ\u0112TS-ZI\u0145OJUMS.pdf\">AKTUALIZ\u0112TS ZI\u0145OJUMS<\/a><a href=\"https:\/\/auseklitis.eu\/wp-content\/uploads\/2019\/08\/AKTUALIZ\u0112TS-ZI\u0145OJUMS.pdf\" class=\"wp-block-file__button wp-element-button\" download aria-describedby=\"wp-block-file--media-95091d32-1f6a-4fde-a657-191572c401cb\">Lejupiel\u0101d\u0113t<\/a><\/div>\n","protected":false},"excerpt":{"rendered":"","protected":false},"author":1,"featured_media":0,"parent":7276,"menu_order":0,"comment_status":"open","ping_status":"closed","template":"","meta":{"footnotes":""},"class_list":["post-7312","page","type-page","status-publish","hentry"],"_links":{"self":[{"href":"https:\/\/auseklitis.eu\/index.php?rest_route=\/wp\/v2\/pages\/7312","targetHints":{"allow":["GET"]}}],"collection":[{"href":"https:\/\/auseklitis.eu\/index.php?rest_route=\/wp\/v2\/pages"}],"about":[{"href":"https:\/\/auseklitis.eu\/index.php?rest_route=\/wp\/v2\/types\/page"}],"author":[{"embeddable":true,"href":"https:\/\/auseklitis.eu\/index.php?rest_route=\/wp\/v2\/users\/1"}],"replies":[{"embeddable":true,"href":"https:\/\/auseklitis.eu\/index.php?rest_route=%2Fwp%2Fv2%2Fcomments&post=7312"}],"version-history":[{"count":8,"href":"https:\/\/auseklitis.eu\/index.php?rest_route=\/wp\/v2\/pages\/7312\/revisions"}],"predecessor-version":[{"id":11395,"href":"https:\/\/auseklitis.eu\/index.php?rest_route=\/wp\/v2\/pages\/7312\/revisions\/11395"}],"up":[{"embeddable":true,"href":"https:\/\/auseklitis.eu\/index.php?rest_route=\/wp\/v2\/pages\/7276"}],"wp:attachment":[{"href":"https:\/\/auseklitis.eu\/index.php?rest_route=%2Fwp%2Fv2%2Fmedia&parent=7312"}],"curies":[{"name":"wp","href":"https:\/\/api.w.org\/{rel}","templated":true}]}}