{"id":7276,"date":"2018-04-17T19:13:09","date_gmt":"2018-04-17T16:13:09","guid":{"rendered":"http:\/\/auseklitis.eu\/?page_id=7276"},"modified":"2025-03-18T14:59:00","modified_gmt":"2025-03-18T11:59:00","slug":"dokumenti","status":"publish","type":"page","link":"https:\/\/auseklitis.eu\/?page_id=7276","title":{"rendered":"Dokumenti"},"content":{"rendered":"<h1><span style=\"color: #008000;\"><strong>Dokumenti<\/strong><\/span><\/h1>\n<p><a href=\"https:\/\/auseklitis.eu\/?page_id=7648\" rel=\"noopener\">Darba pl\u0101ns<\/a><\/p>\n<p><a href=\"https:\/\/auseklitis.eu\/?page_id=7318\">Dienas ritms<\/a><\/p>\n<p><a href=\"https:\/\/auseklitis.eu\/?page_id=7310\">Nolikums<\/a><\/p>\n<p><a href=\"https:\/\/auseklitis.eu\/?page_id=11646\">Dro\u0161\u012bbas noteikumi<\/a><\/p>\n<p><a href=\"https:\/\/auseklitis.eu\/?page_id=11609\">Pa\u0161nov\u0113rt\u0113juma zi\u0146ojums 2024<\/a><\/p>\n<p><a href=\"https:\/\/auseklitis.eu\/?page_id=11366\">Pa\u0161nov\u0113rt\u0113juma zi\u0146ojums 2023<\/a><\/p>\n<p><a href=\"https:\/\/auseklitis.eu\/?page_id=10886\">Pa\u0161nov\u0113rt\u0113juma zi\u0146ojums 2022<\/a><\/p>\n<p><a href=\"https:\/\/auseklitis.eu\/?page_id=10577\">Pa\u0161nov\u0113rt\u0113juma zi\u0146ojums 2021<\/a><\/p>\n<p><a href=\"https:\/\/auseklitis.eu\/?page_id=8523\">Pa\u0161nov\u0113rt\u0113juma zi\u0146ojums 2020<\/a><\/p>\n<p><a href=\"https:\/\/auseklitis.eu\/?page_id=7312\">Pa\u0161nov\u0113rt\u0113juma zi\u0146ojums 2019<\/a><\/p>\n<p><a href=\"https:\/\/auseklitis.eu\/wp-content\/uploads\/2023\/11\/ATBALSTA-KOMANDAS-REGLAMENTS.pdf\">Atbalsta komandas reglaments<\/a><\/p>\n<p><a href=\"https:\/\/auseklitis.eu\/?page_id=8526\">Att\u012bst\u012bbas pl\u0101ns<\/a><\/p>\n<p><a href=\"https:\/\/auseklitis.eu\/?page_id=8532\">Izgl\u012bt\u012bbas iest\u0101des pedago\u0123isk\u0101s padomes reglaments<\/a><\/p>\n<p><a href=\"https:\/\/auseklitis.eu\/?page_id=8534\">Izgl\u012bt\u012bbas iest\u0101des metodisk\u0101s padomes reglaments<\/a><\/p>\n<p><a href=\"https:\/\/auseklitis.eu\/?page_id=7316\">Izgl\u012bt\u012bbas Iest\u0101des padomes reglaments<\/a><\/p>\n<p><a href=\"https:\/\/auseklitis.eu\/wp-content\/uploads\/2020\/09\/ATBALSTA-KOMANDAS-DARB\u012aBAS-REGLAMENTS.pdf\">Atbalsta komandas darb\u012bbas reglaments<\/a><\/p>\n<p><a href=\"https:\/\/auseklitis.eu\/?page_id=8536\">M\u0101c\u012bbu l\u012bdzek\u013cu saraksts pirmsskolas izgl\u012bt\u012bbas programmu \u012bsteno\u0161anai<\/a><\/p>\n<p><a href=\"https:\/\/auseklitis.eu\/?page_id=8691\">Iek\u0161\u0113j\u0101s k\u0101rt\u012bbas noteikumi<\/a><\/p>\n<p><a href=\"https:\/\/auseklitis.eu\/?page_id=8530\">Interneta m\u0101jaslapas izveides, uztur\u0113\u0161anas un inform\u0101cijas aktualiz\u0113\u0161anas k\u0101rt\u012bba<\/a><\/p>\n<p><a href=\"https:\/\/auseklitis.eu\/?page_id=8540\">K\u0101rt\u012bba, k\u0101d\u0101 r\u012bkojas b\u0113rna infekcijas slim\u012bbu gad\u012bjumos<\/a><\/p>\n<p><a href=\"https:\/\/auseklitis.eu\/?page_id=8777\">K\u0101rt\u012bba par vad\u012bt\u0101ja un pedagogu r\u012bc\u012bbu, ja tiek konstat\u0113ta fiziska vai emocion\u0101la vardarb\u012bba pret izgl\u012btojamo<\/a><\/p>\n<p><a href=\"https:\/\/auseklitis.eu\/?page_id=8797\">K\u0101rt\u012bba, k\u0101d\u0101 izgl\u012bt\u012bbas iest\u0101d\u0113 uzturas izgl\u012btojamo vec\u0101ki un citas personas<\/a><\/p>\n<p><a href=\"https:\/\/auseklitis.eu\/?page_id=8782\">K\u0101rt\u012bba, k\u0101d\u0101 re\u0123istr\u0113 izgl\u012btojamo neiera\u0161anos izgl\u012bt\u012bbas iest\u0101d\u0113<\/a><\/p>\n<p><a href=\"https:\/\/likumi.lv\/ta\/id\/316796-par-edinasanas-maksas-atvieglojumiem\" rel=\"noopener\">Gulbenes novada domes saisto\u0161ie noteikumi Nr. 17 par \u0113din\u0101\u0161anas maksas atvieglojumiem<\/a><\/p>\n<p><a href=\"https:\/\/m.likumi.lv\/ta\/id\/343456-par-pirmsskolas-vecuma-bernu-registracijas-uznemsanas-un-atskaitisanas-kartibu-gulbenes-novada-pasvaldibas-izglitibas-iestades-kuras-isteno-pirmsskolas-izglitibas-programma\">Par pirmsskolas vecuma b\u0113rnu re\u0123istr\u0101cijas, uz\u0146em\u0161anas un atskait\u012b\u0161anas k\u0101rt\u012bbu<\/a><\/p>\n<p><a href=\"https:\/\/auseklitis.eu\/?page_id=9937\">Gulbenes 3.PII Datu priv\u0101tuma politika<\/a><\/p>\n","protected":false},"excerpt":{"rendered":"<p>Dokumenti Darba pl\u0101ns Dienas ritms Nolikums Dro\u0161\u012bbas noteikumi Pa\u0161nov\u0113rt\u0113juma zi\u0146ojums 2024 Pa\u0161nov\u0113rt\u0113juma zi\u0146ojums 2023 Pa\u0161nov\u0113rt\u0113juma zi\u0146ojums 2022 Pa\u0161nov\u0113rt\u0113juma zi\u0146ojums 2021 Pa\u0161nov\u0113rt\u0113juma zi\u0146ojums 2020 Pa\u0161nov\u0113rt\u0113juma zi\u0146ojums 2019 Atbalsta komandas reglaments Att\u012bst\u012bbas pl\u0101ns Izgl\u012bt\u012bbas iest\u0101des pedago\u0123isk\u0101s padomes reglaments Izgl\u012bt\u012bbas iest\u0101des metodisk\u0101s padomes reglaments Izgl\u012bt\u012bbas Iest\u0101des padomes reglaments Atbalsta komandas darb\u012bbas reglaments M\u0101c\u012bbu l\u012bdzek\u013cu saraksts pirmsskolas izgl\u012bt\u012bbas programmu&#8230;<\/p>\n","protected":false},"author":1,"featured_media":0,"parent":0,"menu_order":0,"comment_status":"closed","ping_status":"closed","template":"","meta":{"footnotes":""},"class_list":["post-7276","page","type-page","status-publish","hentry"],"_links":{"self":[{"href":"https:\/\/auseklitis.eu\/index.php?rest_route=\/wp\/v2\/pages\/7276","targetHints":{"allow":["GET"]}}],"collection":[{"href":"https:\/\/auseklitis.eu\/index.php?rest_route=\/wp\/v2\/pages"}],"about":[{"href":"https:\/\/auseklitis.eu\/index.php?rest_route=\/wp\/v2\/types\/page"}],"author":[{"embeddable":true,"href":"https:\/\/auseklitis.eu\/index.php?rest_route=\/wp\/v2\/users\/1"}],"replies":[{"embeddable":true,"href":"https:\/\/auseklitis.eu\/index.php?rest_route=%2Fwp%2Fv2%2Fcomments&post=7276"}],"version-history":[{"count":54,"href":"https:\/\/auseklitis.eu\/index.php?rest_route=\/wp\/v2\/pages\/7276\/revisions"}],"predecessor-version":[{"id":11648,"href":"https:\/\/auseklitis.eu\/index.php?rest_route=\/wp\/v2\/pages\/7276\/revisions\/11648"}],"wp:attachment":[{"href":"https:\/\/auseklitis.eu\/index.php?rest_route=%2Fwp%2Fv2%2Fmedia&parent=7276"}],"curies":[{"name":"wp","href":"https:\/\/api.w.org\/{rel}","templated":true}]}}