{"id":7240,"date":"2018-04-16T19:30:30","date_gmt":"2018-04-16T16:30:30","guid":{"rendered":"http:\/\/auseklitis.eu\/?page_id=7240"},"modified":"2024-09-26T21:25:57","modified_gmt":"2024-09-26T18:25:57","slug":"sakums","status":"publish","type":"page","link":"https:\/\/auseklitis.eu\/","title":{"rendered":"S\u0101kums"},"content":{"rendered":"<h1 style=\"text-align: center;\"><span style=\"color: #333399;\"><strong>Esiet sveicin\u0101ti Gulbenes 3.pirmsskolas izgl\u012bt\u012bbas iest\u0101des &#8220;Ausekl\u012btis&#8221; m\u0101jas lap\u0101!<\/strong><\/span><\/h1>\n<h2 style=\"text-align: center;\">\u00a0<\/h2>\n\n\n\n\n<figure class=\"wp-block-image size-large\"><img loading=\"lazy\" decoding=\"async\" width=\"3000\" height=\"1264\" src=\"https:\/\/auseklitis.eu\/wp-content\/uploads\/2024\/09\/20240923_124932-3000x1264.jpg\" alt=\"\" class=\"wp-image-11592\" srcset=\"https:\/\/auseklitis.eu\/wp-content\/uploads\/2024\/09\/20240923_124932-3000x1264.jpg 3000w, https:\/\/auseklitis.eu\/wp-content\/uploads\/2024\/09\/20240923_124932-300x126.jpg 300w, https:\/\/auseklitis.eu\/wp-content\/uploads\/2024\/09\/20240923_124932-768x324.jpg 768w, https:\/\/auseklitis.eu\/wp-content\/uploads\/2024\/09\/20240923_124932-1536x647.jpg 1536w, https:\/\/auseklitis.eu\/wp-content\/uploads\/2024\/09\/20240923_124932-2048x863.jpg 2048w, https:\/\/auseklitis.eu\/wp-content\/uploads\/2024\/09\/20240923_124932-600x253.jpg 600w\" sizes=\"auto, (max-width: 3000px) 100vw, 3000px\" \/><\/figure>\n","protected":false},"excerpt":{"rendered":"<p>Esiet sveicin\u0101ti Gulbenes 3.pirmsskolas izgl\u012bt\u012bbas iest\u0101des &#8220;Ausekl\u012btis&#8221; m\u0101jas lap\u0101! \u00a0<\/p>\n","protected":false},"author":1,"featured_media":0,"parent":0,"menu_order":0,"comment_status":"closed","ping_status":"closed","template":"","meta":{"footnotes":""},"class_list":["post-7240","page","type-page","status-publish","hentry"],"_links":{"self":[{"href":"https:\/\/auseklitis.eu\/index.php?rest_route=\/wp\/v2\/pages\/7240","targetHints":{"allow":["GET"]}}],"collection":[{"href":"https:\/\/auseklitis.eu\/index.php?rest_route=\/wp\/v2\/pages"}],"about":[{"href":"https:\/\/auseklitis.eu\/index.php?rest_route=\/wp\/v2\/types\/page"}],"author":[{"embeddable":true,"href":"https:\/\/auseklitis.eu\/index.php?rest_route=\/wp\/v2\/users\/1"}],"replies":[{"embeddable":true,"href":"https:\/\/auseklitis.eu\/index.php?rest_route=%2Fwp%2Fv2%2Fcomments&post=7240"}],"version-history":[{"count":182,"href":"https:\/\/auseklitis.eu\/index.php?rest_route=\/wp\/v2\/pages\/7240\/revisions"}],"predecessor-version":[{"id":11593,"href":"https:\/\/auseklitis.eu\/index.php?rest_route=\/wp\/v2\/pages\/7240\/revisions\/11593"}],"wp:attachment":[{"href":"https:\/\/auseklitis.eu\/index.php?rest_route=%2Fwp%2Fv2%2Fmedia&parent=7240"}],"curies":[{"name":"wp","href":"https:\/\/api.w.org\/{rel}","templated":true}]}}