{"id":7061,"date":"2018-03-20T20:55:53","date_gmt":"2018-03-20T17:55:53","guid":{"rendered":"http:\/\/auseklitis.eu\/?page_id=7061"},"modified":"2025-08-28T10:07:06","modified_gmt":"2025-08-28T07:07:06","slug":"bitisu-grupa","status":"publish","type":"page","link":"https:\/\/auseklitis.eu\/?page_id=7061","title":{"rendered":"&#8221;Bit\u012bte&#8221;"},"content":{"rendered":"<h1 style=\"text-align: center;\"><span style=\"color: #3366ff;\">2-3 gadu vecuma grupa\u00a0\u00a0\u00a0 &#8220;Bit\u012bte&#8221;<\/span><\/h1>\n<h3><span style=\"color: #0000ff;\"><strong>Grup\u0101 \u201cBit\u012bte\u201d str\u0101d\u0101 pirmsskolas skolot\u0101jas: Laima \u013bebedeva,\u00a0 Ivanda Ka\u0161a; pirmsskolas skolot\u0101ja pal\u012bgs: Sanita Brezinska, auklis: Irita Pilsneniece<\/strong><\/span><\/h3>\n\n\n<p><\/p>\n","protected":false},"excerpt":{"rendered":"<p>2-3 gadu vecuma grupa\u00a0\u00a0\u00a0 &#8220;Bit\u012bte&#8221; Grup\u0101 \u201cBit\u012bte\u201d str\u0101d\u0101 pirmsskolas skolot\u0101jas: Laima \u013bebedeva,\u00a0 Ivanda Ka\u0161a; pirmsskolas skolot\u0101ja pal\u012bgs: Sanita Brezinska, auklis: Irita Pilsneniece<\/p>\n","protected":false},"author":1,"featured_media":0,"parent":7012,"menu_order":0,"comment_status":"closed","ping_status":"closed","template":"","meta":{"footnotes":""},"class_list":["post-7061","page","type-page","status-publish","hentry"],"_links":{"self":[{"href":"https:\/\/auseklitis.eu\/index.php?rest_route=\/wp\/v2\/pages\/7061","targetHints":{"allow":["GET"]}}],"collection":[{"href":"https:\/\/auseklitis.eu\/index.php?rest_route=\/wp\/v2\/pages"}],"about":[{"href":"https:\/\/auseklitis.eu\/index.php?rest_route=\/wp\/v2\/types\/page"}],"author":[{"embeddable":true,"href":"https:\/\/auseklitis.eu\/index.php?rest_route=\/wp\/v2\/users\/1"}],"replies":[{"embeddable":true,"href":"https:\/\/auseklitis.eu\/index.php?rest_route=%2Fwp%2Fv2%2Fcomments&post=7061"}],"version-history":[{"count":32,"href":"https:\/\/auseklitis.eu\/index.php?rest_route=\/wp\/v2\/pages\/7061\/revisions"}],"predecessor-version":[{"id":11692,"href":"https:\/\/auseklitis.eu\/index.php?rest_route=\/wp\/v2\/pages\/7061\/revisions\/11692"}],"up":[{"embeddable":true,"href":"https:\/\/auseklitis.eu\/index.php?rest_route=\/wp\/v2\/pages\/7012"}],"wp:attachment":[{"href":"https:\/\/auseklitis.eu\/index.php?rest_route=%2Fwp%2Fv2%2Fmedia&parent=7061"}],"curies":[{"name":"wp","href":"https:\/\/api.w.org\/{rel}","templated":true}]}}