{"id":7041,"date":"2018-03-19T20:27:09","date_gmt":"2018-03-19T17:27:09","guid":{"rendered":"http:\/\/auseklitis.eu\/?page_id=7041"},"modified":"2025-08-21T15:50:14","modified_gmt":"2025-08-21T12:50:14","slug":"zivtinu-grupa","status":"publish","type":"page","link":"https:\/\/auseklitis.eu\/?page_id=7041","title":{"rendered":"&#8220;Mazais pr\u0101tnieks&#8221;"},"content":{"rendered":"<h1 style=\"text-align: center;\"><strong><span style=\"color: #008080;\"><span style=\"color: #00ff00;\">3-4 gadu vecuma grupa<\/span><br \/>\n<\/span><\/strong><\/h1>\n<h2><span style=\"color: #00ff00;\"><strong>Grup\u0101 \u201cMazais pr\u0101tnieks\u201d str\u0101d\u0101 pirmsskolas skolot\u0101jas: Ilz\u012bte \u0136emme, M\u0101r\u012bte Cinglere un\u00a0 pirmsskolas skolot\u0101ja pal\u012bgs: Solvita K\u0101rkli\u0146a<\/strong><\/span><\/h2>\n<h1 style=\"text-align: center;\"><strong>\u00a0<\/strong><\/h1>\n","protected":false},"excerpt":{"rendered":"<p>3-4 gadu vecuma grupa Grup\u0101 \u201cMazais pr\u0101tnieks\u201d str\u0101d\u0101 pirmsskolas skolot\u0101jas: Ilz\u012bte \u0136emme, M\u0101r\u012bte Cinglere un\u00a0 pirmsskolas skolot\u0101ja pal\u012bgs: Solvita K\u0101rkli\u0146a \u00a0<\/p>\n","protected":false},"author":1,"featured_media":0,"parent":7012,"menu_order":0,"comment_status":"closed","ping_status":"closed","template":"","meta":{"footnotes":""},"class_list":["post-7041","page","type-page","status-publish","hentry"],"_links":{"self":[{"href":"https:\/\/auseklitis.eu\/index.php?rest_route=\/wp\/v2\/pages\/7041","targetHints":{"allow":["GET"]}}],"collection":[{"href":"https:\/\/auseklitis.eu\/index.php?rest_route=\/wp\/v2\/pages"}],"about":[{"href":"https:\/\/auseklitis.eu\/index.php?rest_route=\/wp\/v2\/types\/page"}],"author":[{"embeddable":true,"href":"https:\/\/auseklitis.eu\/index.php?rest_route=\/wp\/v2\/users\/1"}],"replies":[{"embeddable":true,"href":"https:\/\/auseklitis.eu\/index.php?rest_route=%2Fwp%2Fv2%2Fcomments&post=7041"}],"version-history":[{"count":29,"href":"https:\/\/auseklitis.eu\/index.php?rest_route=\/wp\/v2\/pages\/7041\/revisions"}],"predecessor-version":[{"id":11682,"href":"https:\/\/auseklitis.eu\/index.php?rest_route=\/wp\/v2\/pages\/7041\/revisions\/11682"}],"up":[{"embeddable":true,"href":"https:\/\/auseklitis.eu\/index.php?rest_route=\/wp\/v2\/pages\/7012"}],"wp:attachment":[{"href":"https:\/\/auseklitis.eu\/index.php?rest_route=%2Fwp%2Fv2%2Fmedia&parent=7041"}],"curies":[{"name":"wp","href":"https:\/\/api.w.org\/{rel}","templated":true}]}}