{"id":6326,"date":"2017-08-07T16:29:47","date_gmt":"2017-08-07T13:29:47","guid":{"rendered":"http:\/\/auseklitis.eu\/?page_id=6326"},"modified":"2021-09-13T10:50:01","modified_gmt":"2021-09-13T07:50:01","slug":"projekts-coming-soon","status":"publish","type":"page","link":"https:\/\/auseklitis.eu\/?page_id=6326","title":{"rendered":"Projekti"},"content":{"rendered":"<a href=\"https:\/\/auseklitis.eu\/wp-content\/uploads\/2021\/09\/BitesUnBrieziNoslegums.pdf\" class=\"pdfemb-viewer\" style=\"width:1080px;\" data-width=\"1080\" data-height=\"max\" data-toolbar=\"bottom\" data-toolbar-fixed=\"off\">BitesUnBrieziNoslegums<\/a>\n<div class=\"w-gallery layout_default columns_7 link_attachment\"><div class=\"w-gallery-list\"><a class=\"w-gallery-item order_1\" href=\"https:\/\/auseklitis.eu\/?attachment_id=10413\" title=\"Aleksandra Dabas pakl\u0101ja au\u0161ana\"><img loading=\"lazy\" decoding=\"async\" width=\"350\" height=\"350\" src=\"https:\/\/auseklitis.eu\/wp-content\/uploads\/2021\/09\/Aleksandra-Dabas-pakl\u0101ja-au\u0161ana-1-350x350.jpeg\" class=\"w-gallery-item-img\" alt=\"\" srcset=\"https:\/\/auseklitis.eu\/wp-content\/uploads\/2021\/09\/Aleksandra-Dabas-pakl\u0101ja-au\u0161ana-1-350x350.jpeg 350w, https:\/\/auseklitis.eu\/wp-content\/uploads\/2021\/09\/Aleksandra-Dabas-pakl\u0101ja-au\u0161ana-1-150x150.jpeg 150w, https:\/\/auseklitis.eu\/wp-content\/uploads\/2021\/09\/Aleksandra-Dabas-pakl\u0101ja-au\u0161ana-1-600x600.jpeg 600w\" sizes=\"auto, (max-width: 350px) 100vw, 350px\" \/><span class=\"w-gallery-item-hover\"><\/span><span class=\"w-gallery-item-title\">Aleksandra Dabas pakl\u0101ja au\u0161ana<\/span><\/a><a class=\"w-gallery-item order_2\" href=\"https:\/\/auseklitis.eu\/?attachment_id=10415\" title=\"Aleksandra Putnu b\u016bru veido\u0161ana\"><img loading=\"lazy\" decoding=\"async\" width=\"350\" height=\"350\" src=\"https:\/\/auseklitis.eu\/wp-content\/uploads\/2021\/09\/Aleksandra-Putnu-b\u016bru-veido\u0161ana-1-350x350.jpeg\" class=\"w-gallery-item-img\" alt=\"\" srcset=\"https:\/\/auseklitis.eu\/wp-content\/uploads\/2021\/09\/Aleksandra-Putnu-b\u016bru-veido\u0161ana-1-350x350.jpeg 350w, https:\/\/auseklitis.eu\/wp-content\/uploads\/2021\/09\/Aleksandra-Putnu-b\u016bru-veido\u0161ana-1-150x150.jpeg 150w, https:\/\/auseklitis.eu\/wp-content\/uploads\/2021\/09\/Aleksandra-Putnu-b\u016bru-veido\u0161ana-1-600x600.jpeg 600w\" sizes=\"auto, (max-width: 350px) 100vw, 350px\" \/><span class=\"w-gallery-item-hover\"><\/span><span class=\"w-gallery-item-title\">Aleksandra Putnu b\u016bru veido\u0161ana<\/span><\/a><a class=\"w-gallery-item order_3\" href=\"https:\/\/auseklitis.eu\/?attachment_id=10416\" title=\"Aleksandra S\u0113\u0161anas darbi\"><img loading=\"lazy\" decoding=\"async\" width=\"350\" height=\"350\" src=\"https:\/\/auseklitis.eu\/wp-content\/uploads\/2021\/09\/Aleksandra-S\u0113\u0161anas-darbi-2-350x350.jpeg\" class=\"w-gallery-item-img\" alt=\"\" srcset=\"https:\/\/auseklitis.eu\/wp-content\/uploads\/2021\/09\/Aleksandra-S\u0113\u0161anas-darbi-2-350x350.jpeg 350w, https:\/\/auseklitis.eu\/wp-content\/uploads\/2021\/09\/Aleksandra-S\u0113\u0161anas-darbi-2-150x150.jpeg 150w, https:\/\/auseklitis.eu\/wp-content\/uploads\/2021\/09\/Aleksandra-S\u0113\u0161anas-darbi-2-600x600.jpeg 600w\" sizes=\"auto, (max-width: 350px) 100vw, 350px\" \/><span class=\"w-gallery-item-hover\"><\/span><span class=\"w-gallery-item-title\">Aleksandra S\u0113\u0161anas darbi<\/span><\/a><a class=\"w-gallery-item order_4\" href=\"https:\/\/auseklitis.eu\/?attachment_id=10417\" title=\"Francesco \u0100ra darbos\"><img loading=\"lazy\" decoding=\"async\" width=\"350\" height=\"350\" src=\"https:\/\/auseklitis.eu\/wp-content\/uploads\/2021\/09\/Francesco-\u0100ra-darbos-1-350x350.jpeg\" class=\"w-gallery-item-img\" alt=\"\" srcset=\"https:\/\/auseklitis.eu\/wp-content\/uploads\/2021\/09\/Francesco-\u0100ra-darbos-1-350x350.jpeg 350w, https:\/\/auseklitis.eu\/wp-content\/uploads\/2021\/09\/Francesco-\u0100ra-darbos-1-150x150.jpeg 150w, https:\/\/auseklitis.eu\/wp-content\/uploads\/2021\/09\/Francesco-\u0100ra-darbos-1-600x600.jpeg 600w\" sizes=\"auto, (max-width: 350px) 100vw, 350px\" \/><span class=\"w-gallery-item-hover\"><\/span><span class=\"w-gallery-item-title\">Francesco \u0100ra darbos<\/span><\/a><a class=\"w-gallery-item order_5\" href=\"https:\/\/auseklitis.eu\/?attachment_id=10418\" title=\"Francesco Kukai\u0146u m\u0101ja - pabeigta\"><img loading=\"lazy\" decoding=\"async\" width=\"350\" height=\"350\" src=\"https:\/\/auseklitis.eu\/wp-content\/uploads\/2021\/09\/Francesco-Kukai\u0146u-m\u0101ja-pabeigta-1-350x350.jpeg\" class=\"w-gallery-item-img\" alt=\"\" srcset=\"https:\/\/auseklitis.eu\/wp-content\/uploads\/2021\/09\/Francesco-Kukai\u0146u-m\u0101ja-pabeigta-1-350x350.jpeg 350w, https:\/\/auseklitis.eu\/wp-content\/uploads\/2021\/09\/Francesco-Kukai\u0146u-m\u0101ja-pabeigta-1-150x150.jpeg 150w, https:\/\/auseklitis.eu\/wp-content\/uploads\/2021\/09\/Francesco-Kukai\u0146u-m\u0101ja-pabeigta-1-600x600.jpeg 600w\" sizes=\"auto, (max-width: 350px) 100vw, 350px\" \/><span class=\"w-gallery-item-hover\"><\/span><span class=\"w-gallery-item-title\">Francesco Kukai\u0146u m\u0101ja - pabeigta<\/span><\/a><a class=\"w-gallery-item order_6\" href=\"https:\/\/auseklitis.eu\/?attachment_id=10419\" title=\"Francesco Liedes upes att\u012br\u012b\u0161anas talk\u0101\"><img loading=\"lazy\" decoding=\"async\" width=\"350\" height=\"350\" src=\"https:\/\/auseklitis.eu\/wp-content\/uploads\/2021\/09\/Francesco-Liedes-upes-att\u012br\u012b\u0161anas-talk\u0101-1-350x350.jpeg\" class=\"w-gallery-item-img\" alt=\"\" srcset=\"https:\/\/auseklitis.eu\/wp-content\/uploads\/2021\/09\/Francesco-Liedes-upes-att\u012br\u012b\u0161anas-talk\u0101-1-350x350.jpeg 350w, https:\/\/auseklitis.eu\/wp-content\/uploads\/2021\/09\/Francesco-Liedes-upes-att\u012br\u012b\u0161anas-talk\u0101-1-150x150.jpeg 150w, https:\/\/auseklitis.eu\/wp-content\/uploads\/2021\/09\/Francesco-Liedes-upes-att\u012br\u012b\u0161anas-talk\u0101-1-600x600.jpeg 600w\" sizes=\"auto, (max-width: 350px) 100vw, 350px\" \/><span class=\"w-gallery-item-hover\"><\/span><span class=\"w-gallery-item-title\">Francesco Liedes upes att\u012br\u012b\u0161anas talk\u0101<\/span><\/a><a class=\"w-gallery-item order_7\" href=\"https:\/\/auseklitis.eu\/?attachment_id=10420\" title=\"Francesco vada ritma nodarb\u012bbas\"><img loading=\"lazy\" decoding=\"async\" width=\"350\" height=\"350\" src=\"https:\/\/auseklitis.eu\/wp-content\/uploads\/2021\/09\/Francesco-vada-ritma-nodarb\u012bbas-3-350x350.jpeg\" class=\"w-gallery-item-img\" alt=\"\" srcset=\"https:\/\/auseklitis.eu\/wp-content\/uploads\/2021\/09\/Francesco-vada-ritma-nodarb\u012bbas-3-350x350.jpeg 350w, https:\/\/auseklitis.eu\/wp-content\/uploads\/2021\/09\/Francesco-vada-ritma-nodarb\u012bbas-3-150x150.jpeg 150w, https:\/\/auseklitis.eu\/wp-content\/uploads\/2021\/09\/Francesco-vada-ritma-nodarb\u012bbas-3-600x600.jpeg 600w\" sizes=\"auto, (max-width: 350px) 100vw, 350px\" \/><span class=\"w-gallery-item-hover\"><\/span><span class=\"w-gallery-item-title\">Francesco vada ritma nodarb\u012bbas<\/span><\/a><\/div><\/div>\n\n<p><span style=\"color: #800000;\">Projekt\u0101 &#8220;Bites un brie\u017ei gaisu maisa&#8221; 2021. gada 8. mart\u0101 darbu &#8220;Ausekl\u012bt\u012b&#8221; ir uzs\u0101cis br\u012bvpr\u0101t\u012bgais Francesco Gabrielli no It\u0101lijas. Puisis iesaist\u0101s \u0101ra darbos un vides izgl\u012bt\u012bbas aktivit\u0101t\u0113s.<\/span><br \/>\n<span style=\"color: #800000;\">\u201cBites un brie\u017ei gaisu maisa\u201d tiek finans\u0113ts ar Eiropas Komisijas Eiropas Solidarit\u0101tes korpusa, kuru Latvij\u0101 administr\u0113 Jaunatnes starptautisko programmu a\u0123ent\u016bra, atbalstu. \u0160\u012b publik\u0101cija atspogu\u013co vien\u012bgi autora uzskatus, un Komisijai nevar uzlikt atbild\u012bbu par taj\u0101 ietvert\u0101s inform\u0101cijas jebkuru iesp\u0113jamo izlietojumu.<\/span><\/p>\n<p><span style=\"color: #800000;\"><img loading=\"lazy\" decoding=\"async\" class=\"aligncenter size-full wp-image-10341\" src=\"https:\/\/auseklitis.eu\/wp-content\/uploads\/2021\/07\/FranceskoMajaslapai.png\" alt=\"\" width=\"940\" height=\"788\" srcset=\"https:\/\/auseklitis.eu\/wp-content\/uploads\/2021\/07\/FranceskoMajaslapai.png 940w, https:\/\/auseklitis.eu\/wp-content\/uploads\/2021\/07\/FranceskoMajaslapai-300x251.png 300w, https:\/\/auseklitis.eu\/wp-content\/uploads\/2021\/07\/FranceskoMajaslapai-768x644.png 768w, https:\/\/auseklitis.eu\/wp-content\/uploads\/2021\/07\/FranceskoMajaslapai-600x503.png 600w\" sizes=\"auto, (max-width: 940px) 100vw, 940px\" \/>30. novembr\u012b p\u0113c pa\u0161izol\u0101cijas darbu Gulbenes 3.PII &#8220;Ausekl\u012btis&#8221; ir uzs\u0101kusi br\u012bvpr\u0101t\u012bg\u0101 Aleksandra Veli\u010dkovi\u010d no Serbijas. Jauniete b\u0113rnud\u0101rz\u0101 iesaist\u0101s vides izgl\u012bt\u012bbas un \u0101ra dz\u012bves aktivit\u0101\u0161u organiz\u0113\u0161an\u0101 7 m\u0113ne\u0161u garum\u0101.<\/span><br \/>\n<span style=\"color: #800000;\"><strong>Projekts &#8220;Bites un brie\u017ei gaisu maisa&#8221; tiek finans\u0113ts ar Eiropas Komisijas Eiropas Solidarit\u0101tes korpusa, kuru Latvij\u0101 administr\u0113 Jaunatnes starptautisko programmu a\u0123ent\u016bra, atbalstu. \u0160\u012b publik\u0101cija atspogu\u013co vien\u012bgi autora uzskatus, un Komisijai nevar uzlikt atbild\u012bbu par taj\u0101 ietvert\u0101s inform\u0101cijas jebkuru iesp\u0113jamo izlietojumu.<\/strong><\/span><\/p>\n<p><strong><span style=\"color: #008080;\"><img loading=\"lazy\" decoding=\"async\" class=\"aligncenter size-full wp-image-10068\" src=\"https:\/\/auseklitis.eu\/wp-content\/uploads\/2020\/12\/Aleksandra-1.png\" alt=\"\" width=\"940\" height=\"788\" \/><\/span><\/strong><\/p>\n<p>&nbsp;<\/p>\n<p>&nbsp;<\/p>\n<ul>\n<li><strong><span style=\"color: #008080;\">Gulbenes 3.PII \u201cAusekl\u012btis\u201d ir apstiprin\u0101ta par partnerorganiz\u0101ciju projektam<em> &#8220;Natural Classroom\u201d<\/em> (dabas klase, latv.val.) Nr. 2019-1-ES02-KA205-013301 programm\u0101 Erasmus+. Projekta realiz\u0101cijas laiks: no 2019.gada 1.oktobra l\u012bdz 2020.gada 31.j\u016blijam. Projekts 100% apm\u0113r\u0101 tiek finans\u0113ts no programmas l\u012bdzek\u013ciem. Projekta realiz\u0113t\u0101js ir sp\u0101\u0146u organiz\u0101cija \u201cAsociaci\u00f3n de monitores para el tiempo libre Mar Antiguo\u201d, Gr\u0101n\u0101d\u0101. Kop\u0113jais finans\u0113jums, ko sa\u0146emam no vado\u0161\u0101 partnera ir 6634,00 eiro, nepiecie\u0161amais \u00a0priek\u0161finans\u0113jums: \u00a0826,80 eiro.<\/span><\/strong><strong><span style=\"color: #008080;\">Projekta &#8220;Natural Classroom&#8221; ietvaros ir paredz\u0113tas 5 starpvalstu mobilit\u0101tes (novembr\u012b, decembr\u012b, febru\u0101r\u012b, mart\u0101, maij\u0101), kuru laik\u0101 \u201cAusekl\u012b\u0161a\u201d pedagogi g\u016bs pieredzi un jaunas iema\u0146as \u0101ra izgl\u012bt\u012bbas realiz\u0113\u0161an\u0101, k\u0101 ar\u012b ievies\u012bs jaunas \u0101ra izgl\u012bt\u012bbas metodes \u201cAusekl\u012bt\u012b\u201d. Apr\u012bl\u012b paredz\u0113ts organiz\u0113t mobilit\u0101ti Gulben\u0113, kuras laik\u0101 uz\u0146emam 15 izgl\u012bt\u012bbas iest\u0101\u017eu darbiniekus, daloties ar lab\u0101s prakses piem\u0113riem \u0101ra izgl\u012bt\u012bbas organiz\u0113\u0161an\u0101.<img loading=\"lazy\" decoding=\"async\" class=\"aligncenter size-thumbnail wp-image-9363\" src=\"https:\/\/auseklitis.eu\/wp-content\/uploads\/2019\/11\/eu-flag-erasmus-logo-150x150.jpg\" alt=\"\" width=\"150\" height=\"150\" \/><img loading=\"lazy\" decoding=\"async\" class=\"aligncenter size-thumbnail wp-image-9326\" src=\"https:\/\/auseklitis.eu\/wp-content\/uploads\/2019\/11\/MarAntiguo-150x150.png\" alt=\"\" width=\"150\" height=\"150\" \/><\/span><\/strong><\/li>\n<li>\n<h4><strong><span style=\"color: #008080;\"><em>&#8221;Glob\u0101lie m\u0113r\u0137i viet\u0113j\u0101 kopien\u0101&#8221;\u00a0<\/em><\/span><\/strong><\/h4>\n<\/li>\n<\/ul>\n<h4><span style=\"color: #008080;\">Novada iest\u0101des iesaist\u0101s glob\u0101l\u0101s izgl\u012bt\u012bbas projekt\u0101<br \/>\nNo 2018.gada 1.novembra l\u012bdz 2019.gada 31.maijam Gulbenes novad\u0101 tiek \u012bstenots projekts \u201cGlob\u0101lie m\u0113r\u0137i viet\u0113j\u0101 kopien\u0101\u201d, t\u0101 m\u0113r\u0137is ir veicin\u0101t izpratni par ilgtsp\u0113j\u012bgas att\u012bst\u012bbas izaicin\u0101jumiem un m\u0113r\u0137iem glob\u0101l\u0101 kontekst\u0101. Projekt\u0101 ir iesaist\u012bju\u0161\u0101s 3 novada izgl\u012bt\u012bbas iest\u0101des \u2013 Gulbenes 3.PII \u201cAusekl\u012btis\u201d, Gulbenes s\u0101kumskola un Lizuma vidusskola, k\u0101 ar\u012b Rankas jaunie\u0161u iniciat\u012bvu centrs \u201cB.u.M.s.\u201d, sadarb\u012bb\u0101 ar biedr\u012bbu \u201cZa\u013c\u0101 br\u012bv\u012bba\u201d veidojot glob\u0101l\u0101s izgl\u012bt\u012bbas metodiskos materi\u0101lus visiem izgl\u012btojamo vecumposmiem. T\u0101pat projekta rezult\u0101t\u0101 sadarb\u012bb\u0101 ar Gulbenes novada domes Izgl\u012bt\u012bbas, kult\u016bras un sporta noda\u013cu tiks izveidota ce\u013cojo\u0161\u0101 izst\u0101de par glob\u0101l\u0101s ilgtsp\u0113jas m\u0113r\u0137iem, k\u0101 ar\u012b Glob\u0101l\u0101s izgl\u012bt\u012bbas resursu centrs Gulbenes novada bibliot\u0113k\u0101.\u00a029.novembr\u012b jau norisin\u0101jies projekta ievadsemin\u0101rs, kur\u0101, iesaistoties visu augst\u0101kmin\u0113to iest\u0101\u017eu p\u0101rst\u0101vjiem, uzs\u0101kta projekta rezult\u0101tu pl\u0101no\u0161ana un veicin\u0101ta dal\u012bbnieku izpratne par glob\u0101l\u0101s ilgtsp\u0113jas jaut\u0101jumiem.<\/span><br \/>\n<span style=\"color: #008080;\">Projektu l\u012bdzfinans\u0113 programma Glob\u0101l\u0101s izgl\u012bt\u012bbas t\u012bkls Eirop\u0101 \u2013 GENE. T\u0101s m\u0113r\u0137is Latvij\u0101 ir veicin\u0101t pilsonisko atbild\u012bbu, izpratni par glob\u0101lajiem procesiem un akt\u012bvu l\u012bdzdarbo\u0161anos taisn\u012bgas, iek\u013caujo\u0161as un ilgtsp\u0113j\u012bgas sabiedr\u012bbas veido\u0161an\u0101.<\/span><br \/>\n<span style=\"color: #008080;\">Ilze Vanaga<\/span><br \/>\n<span style=\"color: #008080;\">Projektu asistente<\/span><br \/>\n<span style=\"color: #008080;\">Gulbenes 3.PII \u201cAusekl\u012btis\u201d<img loading=\"lazy\" decoding=\"async\" class=\"aligncenter wp-image-7971\" src=\"https:\/\/auseklitis.eu\/wp-content\/uploads\/2018\/12\/Publicitates_prasibas_Globalais.jpg\" alt=\"\" width=\"443\" height=\"111\" srcset=\"https:\/\/auseklitis.eu\/wp-content\/uploads\/2018\/12\/Publicitates_prasibas_Globalais.jpg 2400w, https:\/\/auseklitis.eu\/wp-content\/uploads\/2018\/12\/Publicitates_prasibas_Globalais-300x75.jpg 300w, https:\/\/auseklitis.eu\/wp-content\/uploads\/2018\/12\/Publicitates_prasibas_Globalais-768x192.jpg 768w, https:\/\/auseklitis.eu\/wp-content\/uploads\/2018\/12\/Publicitates_prasibas_Globalais-600x150.jpg 600w\" sizes=\"auto, (max-width: 443px) 100vw, 443px\" \/><\/span><\/h4>\n<ul>\n<li>\n<h4><em><span style=\"color: #008080;\"><strong>Skola 2030<\/strong> Eiropas Soci\u0101l\u0101 fonda projekts.<\/span><\/em><\/h4>\n<\/li>\n<\/ul>\n<h4><span style=\"color: #008080;\">\u00a0 \u00a0 \u00a0 Kompeten\u010du pieeja m\u0101c\u012bbu satur\u0101.<\/span><br \/>\n<span style=\"color: #008080;\">\u00a0 \u00a0 \u00a0 Projekta numurs: 8.3.1.1\/16\/I\/002<\/span><br \/>\n<span style=\"color: #008080;\">\u00a0 \u00a0 \u00a0 SAM: 8.3.1. Att\u012bst\u012bt kompeten\u010du pieej\u0101 balst\u012btu visp\u0101r\u0113j\u0101s izgl\u012bt\u012bbas saturu<\/span><\/h4>\n<ul>\n<li>\n<h4><em><span style=\"color: #008080;\"><strong>Pieaugu\u0161o neform\u0101l\u0101 izgl\u012bt\u012bba.<\/strong><\/span><span style=\"color: #008080;\"><strong> Patreiz realiz\u0113jam\u0101s programmas &#8221;Latvija som\u0101&#8221;;\u00a0 &#8220;Kas m\u0101k tam n\u0101k&#8221;\u00a0 \u00a0biedr\u012bbas &#8220;M\u0113s Ausekl\u012btim&#8221; projekts; &#8220;Florista meistarsti\u0137i&#8221;.<\/strong><\/span><\/em><\/h4>\n<\/li>\n<li>\n<h4><span style=\"color: #008080;\"><em><strong>&#8221;Vesel\u012bbas veicin\u0101\u0161anas un slim\u012bbu profilakses\u00a0 pas\u0101kumi Gulbenes novad\u0101&#8217;<\/strong><\/em>&#8216;: Informat\u012bvs semin\u0101rs vec\u0101kiem par b\u0113rnu vesel\u012bbas veicin\u0101\u0161anas t\u0113mu &#8221;Uzturs&#8221;. Interakt\u012bvas nodarb\u012bbas b\u0113rniem par vesel\u012bbas veicin\u0101\u0161anas t\u0113mu &#8221;Uzturs&#8221;.<\/span><\/h4>\n<\/li>\n<li>\n<h4><span style=\"color: #008080;\"><em><strong>\u00a0Eiropas br\u012bvpr\u0101t\u012bg\u0101 darba projekts&#8221;Coming Soon&#8221;\u00a0<\/strong><\/em><\/span><\/h4>\n<\/li>\n<\/ul>\n<h4><span style=\"color: #008080;\">EBD dal\u012bbnieks no Francijas, asist\u0113 pirmsskolas pedagogiem, organiz\u0113 rado\u0161as aktivit\u0101tes, m\u0101ca valodu.<\/span><br \/>\n<span style=\"color: #008080;\">EBD dal\u012bbnieks no Portug\u0101les, asist\u0113 pirmsskolas pedagogiem, organiz\u0113 rado\u0161as aktivit\u0101tes, m\u0101ca valodu.\u00a0<\/span><\/h4>\n<ul>\n<li>\n<h4><span style=\"color: #008080;\"><em><strong>Strat\u0113\u0123isk\u0101s partner\u012bbas projekts &#8221;Ma\u0146u esence&#8221;.<\/strong><\/em> Janv\u0101r\u012b uz\u0146\u0113m\u0101m starptautisku pedagogu deleg\u0101ciju\/ Igaunija, Rum\u0101nija, Sp\u0101nija. Dodamies pieredzes apmai\u0146as braucienos: mart\u0101- Rum\u0101nija; maij\u0101- Sp\u0101nija; j\u016blij\u0101- Igaunija<\/span><\/h4>\n<\/li>\n<\/ul>\n<h4><span style=\"color: #008080;\">Project \u201cThe Essence of Sense\u201d: education of senses in pre-schools<\/span><\/h4>\n<h4><span style=\"color: #008080;\">Since 1<sup>st<\/sup> of November, 2017 Gulbene 3<sup>rd<\/sup> Pre-school \u201cAusekl\u012btis\u201d together with Gradinita nr 7 (7<sup>th<\/sup> Pre-school in Bucharest, Romania), &#8220;R\u00e4pina Lasteaed Vikerkaar&#8221; (R\u00e4pina kindergarten \u201cVikerkaar\u201d, Estonia) and &#8220;Mar Antiguo&#8221; (organization that runs kindergarten \u201cThe forest of Darwin\u201d in Granada, Spain) has been involved in amazing &#8220;Erasmus+&#8221; strategic partnership experience, the project called \u201cThe Essence of Sense\u201d. Our international cooperation was aimed to explore methods and practices in pre-school education institutions based on SENSES, ENVIRONMENT AND NATURE. The main idea was to raise the knowledge of teaching stuff and use of practices that tend to exercise and activate all the senses of children, use nature and environment in active learning process, to emphasize the importance of natural environment versus \u201cfour walls\u201d for normal development.<\/span><br \/>\n<span style=\"color: #008080;\">During 12 months 41 teacher form 4 kindergartens have participated in short-term training events, organized in each of our partner institutions. Coming back after training event teachers shared their acquired good practice for other colleagues in kindergarten. On 12<sup>th<\/sup> of October, 2018 in Gulbene, Latvia 10 participants from Spain, Estonia and Romania shared their knowledges of education of senses in the dissemination event for teachers in Latvia. Each partner has also created a short video story about the most interesting methods of their organization. Here they are:<\/span><\/h4>\n<h4><span style=\"color: #008080;\"><a style=\"color: #008080;\" href=\"http:\/\/www.youtube.com\/watch?v=lbcJi7dh8O4\">www.youtube.com\/watch?v=lbcJi7dh8O4<\/a> (Rum\u0101nija)<\/span><br \/>\n<span style=\"color: #008080;\">https:\/\/www.youtube.com\/watch?v=nBHQk8wIWv0(Igaunija)<\/span><br \/>\n<span style=\"color: #008080;\"><a style=\"color: #008080;\" href=\"http:\/\/www.youtube.com\/watch?v=UuBozZOu9YI\">www.youtube.com\/watch?v=UuBozZOu9YI<\/a> (Latvija)<\/span><br \/>\n<span style=\"color: #008080;\">https:\/\/www.youtube.com\/watch?v=phmusSI7ABk&amp;feature=youtu.be(Sp\u0101nija)<\/span><\/h4>\n<h4><span style=\"color: #008080;\">Projekts \u201cMa\u0146u esence\u201d: saj\u016btu izgl\u012bt\u012bb\u0101 pirmsskol\u0101s<\/span><br \/>\n<span style=\"color: #008080;\">Kop\u0161 2017.gada 1.novembra Gulbenes 3.pirmsskolas izgl\u012bt\u012bbas iest\u0101de (3.PII) \u201cAusekl\u012btis\u201d realiz\u0113 programmas \u201cErasmus+\u201d strat\u0113\u0123isk\u0101s partner\u012bbas projektu \u201cMa\u0146u esence\u201d sadarb\u012bb\u0101 ar partneriem no Rum\u0101nijas (Bukarestes 7.b\u0113rnud\u0101rzs), Igaunijas (Repinas b\u0113rnud\u0101rzs \u201cVarav\u012bksne\u201d) un Sp\u0101nijas (organiz\u0101cija \u201cMar Antiguo\u201d, kas koordin\u0113 b\u0113rnud\u0101rza \u201cDarvina me\u017es\u201d darbu). Starpvalstu sadarb\u012bbas m\u0113r\u0137is bija dal\u012bties ar lab\u0101s prakses piem\u0113riem pirmsskolas iest\u0101d\u0113s saist\u012bb\u0101 ar saj\u016btu izgl\u012bt\u012bbu un metod\u0113m, kas balst\u0101s uz vides un dabas izzi\u0146u. Pirmsskolas pedagogi piedal\u012bj\u0101s \u012bstermi\u0146a m\u0101c\u012bbu braucienos, kuru laik\u0101 tika apg\u016btas metodes, kas v\u0113rstas uz b\u0113rnu ma\u0146u att\u012bst\u012b\u0161anu, izmantojot dabas un apk\u0101rt\u0113j\u0101s vides labumus m\u0101c\u012bbu proces\u0101.<\/span><br \/>\n<span style=\"color: #008080;\">12 m\u0113ne\u0161u laik\u0101 ir organiz\u0113ta viena m\u0101c\u012bbu mobilit\u0101te katr\u0101 partnerorganiz\u0101cij\u0101 ar kopsumm\u0101 41 dal\u012bbnieku. Atgrie\u017eoties no m\u0101c\u012bb\u0101m, dal\u012bbnieki organiz\u0113ja zin\u0101\u0161anu p\u0101rneses pas\u0101kumu sav\u0101 iest\u0101d\u0113, lai ar metod\u0113m iepaz\u012bstin\u0101tu citus pedagogus. Projekta nosl\u0113gum\u0101 12.oktobr\u012b Gulben\u0113, Latvij\u0101 organiz\u0113ta nosl\u0113dzo\u0161\u0101 starpvalstu tik\u0161an\u0101s. T\u0101s laik\u0101 organiz\u0113ts ar\u012b projekta rezult\u0101tu izplat\u012b\u0161anas pas\u0101kums, kura laik\u0101 vair\u0101k nek\u0101 30 pedagogiem no 5 Latvijas novadiem bija iesp\u0113ja m\u0101c\u012bties partneru vad\u012bt\u0101s darbn\u012bc\u0101s saj\u016btu izgl\u012bt\u012bbas metodes. Katra partnerorganiz\u0101cija ar\u012b izveidojusi video st\u0101stu par savu iest\u0101di, kas var kalpot par iedvesmu ikvienam, kur\u0161 v\u0113las str\u0101d\u0101t ar saj\u016btu izgl\u012bt\u012bbas metod\u0113m.<\/span><br \/>\n<span style=\"color: #008080;\"><a style=\"color: #008080;\" href=\"http:\/\/www.youtube.com\/watch?v=lbcJi7dh8O4\">www.youtube.com\/watch?v=lbcJi7dh8O4<\/a> (Rum\u0101nija)<\/span><br \/>\n<span style=\"color: #008080;\">https:\/\/www.youtube.com\/watch?v=nBHQk8wIWv0(Igaunija)<\/span><br \/>\n<span style=\"color: #008080;\"><a style=\"color: #008080;\" href=\"http:\/\/www.youtube.com\/watch?v=UuBozZOu9YI\">www.youtube.com\/watch?v=UuBozZOu9YI<\/a> (Latvija)<\/span><br \/>\n<span style=\"color: #008080;\">https:\/\/www.youtube.com\/watch?v=phmusSI7ABk&amp;feature=youtu.be(Sp\u0101nija)<\/span><br \/>\n<span style=\"color: #008080;\">Ilze Vanaga<\/span><br \/>\n<span style=\"color: #008080;\">Projektu asistente<\/span><br \/>\n<span style=\"color: #008080;\">Gulbenes 3.PII \u201cAusekl\u012btis\u201d<\/span><\/h4>\n<h4><span style=\"color: #008080;\"><em><strong><img loading=\"lazy\" decoding=\"async\" class=\"size-full wp-image-7085 alignleft\" src=\"https:\/\/auseklitis.eu\/wp-content\/uploads\/2018\/04\/logosbeneficaireserasmusrightfunded-small.jpg\" alt=\"\" width=\"300\" height=\"65\" \/><\/strong><\/em><\/span><\/h4>\n<h4><\/h4>\n<h4><\/h4>\n<h4><\/h4>\n<p>&nbsp;<\/p>\n","protected":false},"excerpt":{"rendered":"<p>Projekt\u0101 &#8220;Bites un brie\u017ei gaisu maisa&#8221; 2021. gada 8. mart\u0101 darbu &#8220;Ausekl\u012bt\u012b&#8221; ir uzs\u0101cis br\u012bvpr\u0101t\u012bgais Francesco Gabrielli no It\u0101lijas. Puisis iesaist\u0101s \u0101ra darbos un vides izgl\u012bt\u012bbas aktivit\u0101t\u0113s. \u201cBites un brie\u017ei gaisu maisa\u201d tiek finans\u0113ts ar Eiropas Komisijas Eiropas Solidarit\u0101tes korpusa, kuru Latvij\u0101 administr\u0113 Jaunatnes starptautisko programmu a\u0123ent\u016bra, atbalstu. \u0160\u012b publik\u0101cija atspogu\u013co vien\u012bgi autora uzskatus, un&#8230;<\/p>\n","protected":false},"author":1,"featured_media":0,"parent":0,"menu_order":0,"comment_status":"closed","ping_status":"closed","template":"","meta":{"footnotes":""},"class_list":["post-6326","page","type-page","status-publish","hentry"],"_links":{"self":[{"href":"https:\/\/auseklitis.eu\/index.php?rest_route=\/wp\/v2\/pages\/6326","targetHints":{"allow":["GET"]}}],"collection":[{"href":"https:\/\/auseklitis.eu\/index.php?rest_route=\/wp\/v2\/pages"}],"about":[{"href":"https:\/\/auseklitis.eu\/index.php?rest_route=\/wp\/v2\/types\/page"}],"author":[{"embeddable":true,"href":"https:\/\/auseklitis.eu\/index.php?rest_route=\/wp\/v2\/users\/1"}],"replies":[{"embeddable":true,"href":"https:\/\/auseklitis.eu\/index.php?rest_route=%2Fwp%2Fv2%2Fcomments&post=6326"}],"version-history":[{"count":63,"href":"https:\/\/auseklitis.eu\/index.php?rest_route=\/wp\/v2\/pages\/6326\/revisions"}],"predecessor-version":[{"id":10422,"href":"https:\/\/auseklitis.eu\/index.php?rest_route=\/wp\/v2\/pages\/6326\/revisions\/10422"}],"wp:attachment":[{"href":"https:\/\/auseklitis.eu\/index.php?rest_route=%2Fwp%2Fv2%2Fmedia&parent=6326"}],"curies":[{"name":"wp","href":"https:\/\/api.w.org\/{rel}","templated":true}]}}