{"id":6034,"date":"2017-02-27T16:07:35","date_gmt":"2017-02-27T13:07:35","guid":{"rendered":"http:\/\/auseklitis.eu\/?page_id=6034"},"modified":"2025-08-05T15:04:01","modified_gmt":"2025-08-05T12:04:01","slug":"biedriba-mes-auseklitim","status":"publish","type":"page","link":"https:\/\/auseklitis.eu\/?page_id=6034","title":{"rendered":"Biedr\u012bba &#8220;M\u0113s Ausekl\u012btim&#8221;"},"content":{"rendered":"<p><span style=\"color: #993300;\">Rekviz\u012bti:<\/span><br \/>\n<span style=\"color: #993300;\">Biedr\u012bba&#8221;M\u0113s Ausekl\u012btim&#8221;<\/span><br \/>\n<span style=\"color: #993300;\">re\u0123. nr. 40008218765<\/span><br \/>\n<span style=\"color: #993300;\">LV06HABA0551038344397<\/span><\/p>\n<h4><span style=\"color: #800000;\">Biedr\u012bba dibin\u0101ta 2013.gada 20. decembr\u012b. T\u0101s m\u0113r\u0137is ir pilnveidot Gulbenes 3. pirmsskolas izgl\u012bt\u012bbas iest\u0101des\u00a0 &#8220;Ausekl\u012btis\u201d darb\u012bbu, organiz\u0113jot izgl\u012bt\u012bbas, kult\u016bras, sporta pas\u0101kumus un aktivit\u0101tes audz\u0113k\u0146iem, vec\u0101kiem un darbiniekiem, veicot sadarb\u012bbu ar pa\u0161vald\u012bbas un sabiedriskaj\u0101m organiz\u0101cij\u0101m, gan viet\u0113j\u0101, gan starptautiskaj\u0101 m\u0113rog\u0101.<\/span><br \/>\n<span style=\"color: #800000;\">Biedr\u012bbas valdes priek\u0161s\u0113d\u0113t\u0101ja\u00a0 skolot\u0101ja L\u012bga \u017dohova. Biedr\u012bb\u0101 darbojas\u00a0 13 iest\u0101des darbinieki.<\/span><\/h4>\n","protected":false},"excerpt":{"rendered":"<p>Rekviz\u012bti: Biedr\u012bba&#8221;M\u0113s Ausekl\u012btim&#8221; re\u0123. nr. 40008218765 LV06HABA0551038344397 Biedr\u012bba dibin\u0101ta 2013.gada 20. decembr\u012b. T\u0101s m\u0113r\u0137is ir pilnveidot Gulbenes 3. pirmsskolas izgl\u012bt\u012bbas iest\u0101des\u00a0 &#8220;Ausekl\u012btis\u201d darb\u012bbu, organiz\u0113jot izgl\u012bt\u012bbas, kult\u016bras, sporta pas\u0101kumus un aktivit\u0101tes audz\u0113k\u0146iem, vec\u0101kiem un darbiniekiem, veicot sadarb\u012bbu ar pa\u0161vald\u012bbas un sabiedriskaj\u0101m organiz\u0101cij\u0101m, gan viet\u0113j\u0101, gan starptautiskaj\u0101 m\u0113rog\u0101. Biedr\u012bbas valdes priek\u0161s\u0113d\u0113t\u0101ja\u00a0 skolot\u0101ja L\u012bga \u017dohova. Biedr\u012bb\u0101 darbojas\u00a0 13&#8230;<\/p>\n","protected":false},"author":1,"featured_media":0,"parent":0,"menu_order":0,"comment_status":"closed","ping_status":"closed","template":"","meta":{"footnotes":""},"class_list":["post-6034","page","type-page","status-publish","hentry"],"_links":{"self":[{"href":"https:\/\/auseklitis.eu\/index.php?rest_route=\/wp\/v2\/pages\/6034","targetHints":{"allow":["GET"]}}],"collection":[{"href":"https:\/\/auseklitis.eu\/index.php?rest_route=\/wp\/v2\/pages"}],"about":[{"href":"https:\/\/auseklitis.eu\/index.php?rest_route=\/wp\/v2\/types\/page"}],"author":[{"embeddable":true,"href":"https:\/\/auseklitis.eu\/index.php?rest_route=\/wp\/v2\/users\/1"}],"replies":[{"embeddable":true,"href":"https:\/\/auseklitis.eu\/index.php?rest_route=%2Fwp%2Fv2%2Fcomments&post=6034"}],"version-history":[{"count":18,"href":"https:\/\/auseklitis.eu\/index.php?rest_route=\/wp\/v2\/pages\/6034\/revisions"}],"predecessor-version":[{"id":11668,"href":"https:\/\/auseklitis.eu\/index.php?rest_route=\/wp\/v2\/pages\/6034\/revisions\/11668"}],"wp:attachment":[{"href":"https:\/\/auseklitis.eu\/index.php?rest_route=%2Fwp%2Fv2%2Fmedia&parent=6034"}],"curies":[{"name":"wp","href":"https:\/\/api.w.org\/{rel}","templated":true}]}}