{"id":4802,"date":"2015-11-12T11:33:42","date_gmt":"2015-11-12T08:33:42","guid":{"rendered":"http:\/\/auseklitis.eu\/?page_id=4802"},"modified":"2018-09-14T20:04:47","modified_gmt":"2018-09-14T17:04:47","slug":"bernudarzs","status":"publish","type":"page","link":"https:\/\/auseklitis.eu\/?page_id=4802","title":{"rendered":"Speci\u0101listi pied\u0101v\u0101"},"content":{"rendered":"","protected":false},"excerpt":{"rendered":"","protected":false},"author":1,"featured_media":0,"parent":0,"menu_order":0,"comment_status":"closed","ping_status":"closed","template":"","meta":{"footnotes":""},"class_list":["post-4802","page","type-page","status-publish","hentry"],"_links":{"self":[{"href":"https:\/\/auseklitis.eu\/index.php?rest_route=\/wp\/v2\/pages\/4802","targetHints":{"allow":["GET"]}}],"collection":[{"href":"https:\/\/auseklitis.eu\/index.php?rest_route=\/wp\/v2\/pages"}],"about":[{"href":"https:\/\/auseklitis.eu\/index.php?rest_route=\/wp\/v2\/types\/page"}],"author":[{"embeddable":true,"href":"https:\/\/auseklitis.eu\/index.php?rest_route=\/wp\/v2\/users\/1"}],"replies":[{"embeddable":true,"href":"https:\/\/auseklitis.eu\/index.php?rest_route=%2Fwp%2Fv2%2Fcomments&post=4802"}],"version-history":[{"count":5,"href":"https:\/\/auseklitis.eu\/index.php?rest_route=\/wp\/v2\/pages\/4802\/revisions"}],"predecessor-version":[{"id":7469,"href":"https:\/\/auseklitis.eu\/index.php?rest_route=\/wp\/v2\/pages\/4802\/revisions\/7469"}],"wp:attachment":[{"href":"https:\/\/auseklitis.eu\/index.php?rest_route=%2Fwp%2Fv2%2Fmedia&parent=4802"}],"curies":[{"name":"wp","href":"https:\/\/api.w.org\/{rel}","templated":true}]}}