{"id":3621,"date":"2015-06-03T22:44:02","date_gmt":"2015-06-03T19:44:02","guid":{"rendered":"http:\/\/auseklitis.eu\/?page_id=3621"},"modified":"2024-09-26T21:28:06","modified_gmt":"2024-09-26T18:28:06","slug":"dabas-vides-estetika","status":"publish","type":"page","link":"https:\/\/auseklitis.eu\/?page_id=3621","title":{"rendered":"Dabas vides est\u0113tika"},"content":{"rendered":"<h3><span style=\"color: #008000;\">Dabas vides est\u0113tikas metodika tiek aprob\u0113ta un iedz\u012bvin\u0101ta ikdienas darb\u0101 ar b\u0113rniem, vec\u0101kiem, darbiniekiem. Dabas vides est\u0113tikas metodes tiek izmantotas kolekt\u012bva salied\u0113\u0161anai un rado\u0161as komandas veido\u0161anai. DVE ietver: rota\u013cas ar kr\u0101sainajiem graudiem, dabas materi\u0101liem-smar\u017eu komponent\u0113m, kr\u0101sainaj\u0101m smilt\u012bm un darbo\u0161anos silto smil\u0161u iek\u0101rt\u0101.<\/span><br \/>\n<span style=\"color: #008000;\">Silto smil\u0161u iek\u0101rt\u0101 ar b\u0113rniem darbojas logop\u0113de Daiga Pumpure, speci\u0101l\u0101s izgl\u012bt\u012bbas pedagogs Agita Taurmane,\u00a0 sertifik\u0101ti ir skolot\u0101j\u0101m- Indrai Ti\u0161anovai un\u00a0 L\u012bgai \u017dohovai. Nodarb\u012bbas silto smil\u0161u iek\u0101rt\u0101 ir paredz\u0113tas k\u0101 atbalsta pas\u0101kums b\u0113rniem ar speci\u0101laj\u0101m vajadz\u012bb\u0101m.<br \/>\n<\/span><\/h3>\n<p><span style=\"color: #008000;\"><em><strong>Kas ir Dabas vides est\u0113tika?<\/strong><\/em><\/span><br \/>\n<span style=\"color: #008000;\">Tehnolo\u0123iju laikmet\u0101, kad uzsvars tiek likts uz p\u0101rliec\u012bbu par iek\u0101rtu svar\u012bgumu, Dabas vides est\u0113tikas ideja ir centr\u0113ta uz Dabu, vis\u0101 t\u0101s di\u017eenum\u0101 un smalkaj\u0101 \u201evienk\u0101r\u0161\u012bb\u0101\u201d<\/span><br \/>\n<span style=\"color: #008000;\">Dabas vides est\u0113tikas idejas praktiskais pielietojums sev\u012b ietver nodarb\u012bbu kopumu, kas orient\u0113ts uz cilv\u0113ka un dabas materi\u0101lu rado\u0161o mijiedarb\u012bbu.<\/span><\/p>\n<p><span style=\"color: #008000;\">K\u0101 galven\u0101s tiek izceltas un Dabas vides est\u0113tiku atspogu\u013co:<\/span><br \/>\n<span style=\"color: #008000;\">o Kr\u0101saino smil\u0161u sp\u0113les;<\/span><br \/>\n<span style=\"color: #008000;\">o Kr\u0101saino graudu sp\u0113les;<\/span><br \/>\n<span style=\"color: #008000;\">o Nodarb\u012bbas siltaj\u0101s smilt\u012bs;<\/span><br \/>\n<span style=\"color: #008000;\">o Dabas dailes studijas un kompoz\u012bciju veido\u0161ana.<\/span><br \/>\n<span style=\"color: #008000;\">Nodarb\u012bbas un to cikli, ir izstr\u0101d\u0101ti, lai izmantojot alternat\u012bvu pieeju, tiktu nodro\u0161in\u0101ts atbalsts ikviena maza un liela cilv\u0113ka visp\u0101r\u0113jai att\u012bst\u012bbai, stabiliz\u0113ts un pilnveidots vi\u0146a iek\u0161\u0113jais l\u012bdzsvars. Struktur\u0113tais rado\u0161ais process sekm\u0113 fizisko, gar\u012bgo, intelektu\u0101lo un emocion\u0101lo sak\u0101rtot\u012bbu.<\/span><\/p>\n<p><span style=\"color: #008000;\"><em><strong>K\u0101 izpau\u017eas Dabas vides est\u0113tikas nodarb\u012bba?<\/strong><\/em><\/span><br \/>\n<span style=\"color: #008000;\">V\u0113rot\u0101jam no malas, nodarb\u012bba var\u0113tu \u0161\u0137ist k\u0101 rota\u013c\u012bga, nesteidz\u012bga rado\u0161a ros\u012b\u0161an\u0101s.<\/span><br \/>\n<span style=\"color: #008000;\">Tom\u0113r t\u0101s organiz\u0113\u0161an\u0101 speci\u0101lists iev\u0113ro noteiktus Dabas vides est\u0113tikas metodiskos principus. \u0160o principu pielietojumu nosaka nodarb\u012bbai izvirz\u012btais m\u0113r\u0137is, izv\u0113l\u0113tie materi\u0101li un rado\u0161\u0101 darba veidi. Tiek respekt\u0113ts b\u0113rna individu\u0101lais ritms un Dabas cikliskums.<\/span><br \/>\n<span style=\"color: #008000;\">Rado\u0161iem darbiem tiek izmantots neliels daudzums dabas materi\u0101lu daudzums un ierobe\u017eots kl\u0101sts. Ierasti nodarb\u012bba risin\u0101s mier\u012bg\u0101, klusin\u0101t\u0101 atmosf\u0113r\u0101, ar vai bez vec\u0101ku kl\u0101tb\u016btnes.<\/span><\/p>\n<p><span style=\"color: #008000;\"><em><strong>Ko dod Dabas vides est\u0113tikas nodarb\u012bba silto smil\u0161u kast\u0113 mazu\u013ciem un<\/strong><\/em><\/span><br \/>\n<span style=\"color: #008000;\"><em><strong>pirmsskolas vecuma b\u0113rniem?<\/strong><\/em><\/span><br \/>\n<span style=\"color: #008000;\">B\u0113rna darbo\u0161an\u0101s ar smilt\u012bm ir ierasta un saprotama.<\/span><br \/>\n<span style=\"color: #008000;\">Silto smil\u0161u iek\u0101rta, kur\u0101 speci\u0101la sist\u0113ma uztur smiltis noteikt\u0101 temperat\u016br\u0101, \u0161\u0101du iesp\u0113ju sniedz visa gada garum\u0101, neatkar\u012bgi no laika apst\u0101k\u013ciem.<\/span><br \/>\n<span style=\"color: #008000;\">K\u0101 r\u0101da m\u016bsu speci\u0101listu pieredze, silt\u0101s smiltis, b\u0113rnam sniedz saudz\u012bgus &#8220;dab\u012bgus&#8221; impulsus, paaugstinot vi\u0146a emocion\u0101lu labsaj\u016btu, miera un relaks\u0101cijas saj\u016btu.<\/span><br \/>\n<span style=\"color: #008000;\">Saspringumu mazino\u0161\u0101 un klusin\u0101t\u0101 atmosf\u0113ra, kur\u0101 risin\u0101s nodarb\u012bba, pal\u012bdz b\u0113rnam atg\u016bt l\u012bdzsvaru un atmodin\u0101t vi\u0146\u0101 m\u012bto\u0161os izaugsmes resursus.<\/span><br \/>\n<span style=\"color: #008000;\">Smiltis, pateicoties savam pamat\u012bgumam veicina &#8220;sazem\u0113\u0161an\u0101s\u201d procesus.<\/span><br \/>\n<span style=\"color: #008000;\">Nodarb\u012bbas uzlabo b\u0113rnu saskarsmes prasmes, gan ar Dabu, gan cilv\u0113kiem.<\/span><\/p>\n\n","protected":false},"excerpt":{"rendered":"<p>Dabas vides est\u0113tikas metodika tiek aprob\u0113ta un iedz\u012bvin\u0101ta ikdienas darb\u0101 ar b\u0113rniem, vec\u0101kiem, darbiniekiem. Dabas vides est\u0113tikas metodes tiek izmantotas kolekt\u012bva salied\u0113\u0161anai un rado\u0161as komandas veido\u0161anai. DVE ietver: rota\u013cas ar kr\u0101sainajiem graudiem, dabas materi\u0101liem-smar\u017eu komponent\u0113m, kr\u0101sainaj\u0101m smilt\u012bm un darbo\u0161anos silto smil\u0161u iek\u0101rt\u0101. Silto smil\u0161u iek\u0101rt\u0101 ar b\u0113rniem darbojas logop\u0113de Daiga Pumpure, speci\u0101l\u0101s izgl\u012bt\u012bbas pedagogs Agita&#8230;<\/p>\n","protected":false},"author":1,"featured_media":0,"parent":4802,"menu_order":0,"comment_status":"closed","ping_status":"closed","template":"","meta":{"footnotes":""},"class_list":["post-3621","page","type-page","status-publish","hentry"],"_links":{"self":[{"href":"https:\/\/auseklitis.eu\/index.php?rest_route=\/wp\/v2\/pages\/3621","targetHints":{"allow":["GET"]}}],"collection":[{"href":"https:\/\/auseklitis.eu\/index.php?rest_route=\/wp\/v2\/pages"}],"about":[{"href":"https:\/\/auseklitis.eu\/index.php?rest_route=\/wp\/v2\/types\/page"}],"author":[{"embeddable":true,"href":"https:\/\/auseklitis.eu\/index.php?rest_route=\/wp\/v2\/users\/1"}],"replies":[{"embeddable":true,"href":"https:\/\/auseklitis.eu\/index.php?rest_route=%2Fwp%2Fv2%2Fcomments&post=3621"}],"version-history":[{"count":30,"href":"https:\/\/auseklitis.eu\/index.php?rest_route=\/wp\/v2\/pages\/3621\/revisions"}],"predecessor-version":[{"id":11595,"href":"https:\/\/auseklitis.eu\/index.php?rest_route=\/wp\/v2\/pages\/3621\/revisions\/11595"}],"up":[{"embeddable":true,"href":"https:\/\/auseklitis.eu\/index.php?rest_route=\/wp\/v2\/pages\/4802"}],"wp:attachment":[{"href":"https:\/\/auseklitis.eu\/index.php?rest_route=%2Fwp%2Fv2%2Fmedia&parent=3621"}],"curies":[{"name":"wp","href":"https:\/\/api.w.org\/{rel}","templated":true}]}}