{"id":2778,"date":"2015-04-29T19:05:57","date_gmt":"2015-04-29T16:05:57","guid":{"rendered":"http:\/\/auseklitis.eu\/?page_id=2778"},"modified":"2023-12-20T21:44:18","modified_gmt":"2023-12-20T18:44:18","slug":"galerija-2","status":"publish","type":"page","link":"https:\/\/auseklitis.eu\/?page_id=2778","title":{"rendered":"Galerijas"},"content":{"rendered":"\n<p class=\"has-text-align-center has-vivid-green-cyan-color has-text-color has-link-color has-large-font-size wp-elements-f9a7bfc0daa05d0e5455eb0854244bd5\"><strong>Tinam, pinam, rot\u0101jam!<\/strong><\/p>\n\n\n\n<figure class=\"wp-block-gallery has-nested-images columns-default is-cropped wp-block-gallery-1 is-layout-flex wp-block-gallery-is-layout-flex\">\n<figure class=\"wp-block-image size-large\"><img loading=\"lazy\" decoding=\"async\" width=\"1500\" height=\"2000\" data-id=\"11472\" src=\"https:\/\/auseklitis.eu\/wp-content\/uploads\/2023\/12\/20231219_150219-rotated.jpg\" alt=\"\" class=\"wp-image-11472\" srcset=\"https:\/\/auseklitis.eu\/wp-content\/uploads\/2023\/12\/20231219_150219-rotated.jpg 1500w, https:\/\/auseklitis.eu\/wp-content\/uploads\/2023\/12\/20231219_150219-225x300.jpg 225w, https:\/\/auseklitis.eu\/wp-content\/uploads\/2023\/12\/20231219_150219-768x1024.jpg 768w, https:\/\/auseklitis.eu\/wp-content\/uploads\/2023\/12\/20231219_150219-1152x1536.jpg 1152w, https:\/\/auseklitis.eu\/wp-content\/uploads\/2023\/12\/20231219_150219-600x800.jpg 600w\" sizes=\"auto, (max-width: 1500px) 100vw, 1500px\" \/><\/figure>\n\n\n\n<figure class=\"wp-block-image size-large\"><img loading=\"lazy\" decoding=\"async\" width=\"1500\" height=\"1125\" data-id=\"11471\" src=\"https:\/\/auseklitis.eu\/wp-content\/uploads\/2023\/12\/20231219_142712.jpg\" alt=\"\" class=\"wp-image-11471\" srcset=\"https:\/\/auseklitis.eu\/wp-content\/uploads\/2023\/12\/20231219_142712.jpg 1500w, https:\/\/auseklitis.eu\/wp-content\/uploads\/2023\/12\/20231219_142712-300x225.jpg 300w, https:\/\/auseklitis.eu\/wp-content\/uploads\/2023\/12\/20231219_142712-768x576.jpg 768w, https:\/\/auseklitis.eu\/wp-content\/uploads\/2023\/12\/20231219_142712-600x450.jpg 600w, https:\/\/auseklitis.eu\/wp-content\/uploads\/2023\/12\/20231219_142712-160x120.jpg 160w\" sizes=\"auto, (max-width: 1500px) 100vw, 1500px\" \/><\/figure>\n\n\n\n<figure class=\"wp-block-image size-large\"><img loading=\"lazy\" decoding=\"async\" width=\"1500\" height=\"1125\" data-id=\"11470\" src=\"https:\/\/auseklitis.eu\/wp-content\/uploads\/2023\/12\/20231219_141654-rotated.jpg\" alt=\"\" class=\"wp-image-11470\" srcset=\"https:\/\/auseklitis.eu\/wp-content\/uploads\/2023\/12\/20231219_141654-rotated.jpg 1500w, https:\/\/auseklitis.eu\/wp-content\/uploads\/2023\/12\/20231219_141654-300x225.jpg 300w, https:\/\/auseklitis.eu\/wp-content\/uploads\/2023\/12\/20231219_141654-768x576.jpg 768w, https:\/\/auseklitis.eu\/wp-content\/uploads\/2023\/12\/20231219_141654-600x450.jpg 600w, https:\/\/auseklitis.eu\/wp-content\/uploads\/2023\/12\/20231219_141654-160x120.jpg 160w\" sizes=\"auto, (max-width: 1500px) 100vw, 1500px\" \/><\/figure>\n\n\n\n<figure class=\"wp-block-image size-large\"><img loading=\"lazy\" decoding=\"async\" width=\"1500\" height=\"1125\" data-id=\"11469\" src=\"https:\/\/auseklitis.eu\/wp-content\/uploads\/2023\/12\/20231219_141628.jpg\" alt=\"\" class=\"wp-image-11469\" srcset=\"https:\/\/auseklitis.eu\/wp-content\/uploads\/2023\/12\/20231219_141628.jpg 1500w, https:\/\/auseklitis.eu\/wp-content\/uploads\/2023\/12\/20231219_141628-300x225.jpg 300w, https:\/\/auseklitis.eu\/wp-content\/uploads\/2023\/12\/20231219_141628-768x576.jpg 768w, https:\/\/auseklitis.eu\/wp-content\/uploads\/2023\/12\/20231219_141628-600x450.jpg 600w, https:\/\/auseklitis.eu\/wp-content\/uploads\/2023\/12\/20231219_141628-160x120.jpg 160w\" sizes=\"auto, (max-width: 1500px) 100vw, 1500px\" \/><\/figure>\n\n\n\n<figure class=\"wp-block-image size-large\"><img loading=\"lazy\" decoding=\"async\" width=\"1500\" height=\"1125\" data-id=\"11468\" src=\"https:\/\/auseklitis.eu\/wp-content\/uploads\/2023\/12\/20231219_140453.jpg\" alt=\"\" class=\"wp-image-11468\" srcset=\"https:\/\/auseklitis.eu\/wp-content\/uploads\/2023\/12\/20231219_140453.jpg 1500w, https:\/\/auseklitis.eu\/wp-content\/uploads\/2023\/12\/20231219_140453-300x225.jpg 300w, https:\/\/auseklitis.eu\/wp-content\/uploads\/2023\/12\/20231219_140453-768x576.jpg 768w, https:\/\/auseklitis.eu\/wp-content\/uploads\/2023\/12\/20231219_140453-600x450.jpg 600w, https:\/\/auseklitis.eu\/wp-content\/uploads\/2023\/12\/20231219_140453-160x120.jpg 160w\" sizes=\"auto, (max-width: 1500px) 100vw, 1500px\" \/><\/figure>\n\n\n\n<figure class=\"wp-block-image size-large\"><img loading=\"lazy\" decoding=\"async\" width=\"1500\" height=\"2000\" data-id=\"11467\" src=\"https:\/\/auseklitis.eu\/wp-content\/uploads\/2023\/12\/20231219_140325-rotated.jpg\" alt=\"\" class=\"wp-image-11467\" srcset=\"https:\/\/auseklitis.eu\/wp-content\/uploads\/2023\/12\/20231219_140325-rotated.jpg 1500w, https:\/\/auseklitis.eu\/wp-content\/uploads\/2023\/12\/20231219_140325-225x300.jpg 225w, https:\/\/auseklitis.eu\/wp-content\/uploads\/2023\/12\/20231219_140325-768x1024.jpg 768w, https:\/\/auseklitis.eu\/wp-content\/uploads\/2023\/12\/20231219_140325-1152x1536.jpg 1152w, https:\/\/auseklitis.eu\/wp-content\/uploads\/2023\/12\/20231219_140325-600x800.jpg 600w\" sizes=\"auto, (max-width: 1500px) 100vw, 1500px\" \/><\/figure>\n\n\n\n<figure class=\"wp-block-image size-large\"><img loading=\"lazy\" decoding=\"async\" width=\"1500\" height=\"1125\" data-id=\"11466\" src=\"https:\/\/auseklitis.eu\/wp-content\/uploads\/2023\/12\/20231219_135812.jpg\" alt=\"\" class=\"wp-image-11466\" srcset=\"https:\/\/auseklitis.eu\/wp-content\/uploads\/2023\/12\/20231219_135812.jpg 1500w, https:\/\/auseklitis.eu\/wp-content\/uploads\/2023\/12\/20231219_135812-300x225.jpg 300w, https:\/\/auseklitis.eu\/wp-content\/uploads\/2023\/12\/20231219_135812-768x576.jpg 768w, https:\/\/auseklitis.eu\/wp-content\/uploads\/2023\/12\/20231219_135812-600x450.jpg 600w, https:\/\/auseklitis.eu\/wp-content\/uploads\/2023\/12\/20231219_135812-160x120.jpg 160w\" sizes=\"auto, (max-width: 1500px) 100vw, 1500px\" \/><\/figure>\n\n\n\n<figure class=\"wp-block-image size-large\"><img loading=\"lazy\" decoding=\"async\" width=\"1500\" height=\"2000\" data-id=\"11465\" src=\"https:\/\/auseklitis.eu\/wp-content\/uploads\/2023\/12\/20231218_093301-rotated.jpg\" alt=\"\" class=\"wp-image-11465\" srcset=\"https:\/\/auseklitis.eu\/wp-content\/uploads\/2023\/12\/20231218_093301-rotated.jpg 1500w, https:\/\/auseklitis.eu\/wp-content\/uploads\/2023\/12\/20231218_093301-225x300.jpg 225w, https:\/\/auseklitis.eu\/wp-content\/uploads\/2023\/12\/20231218_093301-768x1024.jpg 768w, https:\/\/auseklitis.eu\/wp-content\/uploads\/2023\/12\/20231218_093301-1152x1536.jpg 1152w, https:\/\/auseklitis.eu\/wp-content\/uploads\/2023\/12\/20231218_093301-600x800.jpg 600w\" sizes=\"auto, (max-width: 1500px) 100vw, 1500px\" \/><\/figure>\n<\/figure>\n\n\n\n<p class=\"has-text-align-center has-large-font-size\"><mark style=\"background-color:rgba(0, 0, 0, 0)\" class=\"has-inline-color has-vivid-cyan-blue-color\"> &#8220;Za\u013c\u0101s prasmes&#8221;.  Projekts.<\/mark><\/p>\n\n\n\n<figure class=\"wp-block-gallery has-nested-images columns-default is-cropped wp-block-gallery-2 is-layout-flex wp-block-gallery-is-layout-flex\">\n<figure class=\"wp-block-image size-large\"><img loading=\"lazy\" decoding=\"async\" width=\"3000\" height=\"1688\" data-id=\"11350\" src=\"https:\/\/auseklitis.eu\/wp-content\/uploads\/2023\/10\/20230906_172058-3000x1688.jpg\" alt=\"\" class=\"wp-image-11350\" srcset=\"https:\/\/auseklitis.eu\/wp-content\/uploads\/2023\/10\/20230906_172058-3000x1688.jpg 3000w, https:\/\/auseklitis.eu\/wp-content\/uploads\/2023\/10\/20230906_172058-300x169.jpg 300w, https:\/\/auseklitis.eu\/wp-content\/uploads\/2023\/10\/20230906_172058-768x432.jpg 768w, https:\/\/auseklitis.eu\/wp-content\/uploads\/2023\/10\/20230906_172058-1536x864.jpg 1536w, https:\/\/auseklitis.eu\/wp-content\/uploads\/2023\/10\/20230906_172058-2048x1152.jpg 2048w, https:\/\/auseklitis.eu\/wp-content\/uploads\/2023\/10\/20230906_172058-600x338.jpg 600w\" sizes=\"auto, (max-width: 3000px) 100vw, 3000px\" \/><\/figure>\n\n\n\n<figure class=\"wp-block-image size-large\"><img loading=\"lazy\" decoding=\"async\" width=\"3000\" height=\"2250\" data-id=\"11349\" src=\"https:\/\/auseklitis.eu\/wp-content\/uploads\/2023\/10\/20230908_170031-3000x2250.jpg\" alt=\"\" class=\"wp-image-11349\" srcset=\"https:\/\/auseklitis.eu\/wp-content\/uploads\/2023\/10\/20230908_170031-3000x2250.jpg 3000w, https:\/\/auseklitis.eu\/wp-content\/uploads\/2023\/10\/20230908_170031-300x225.jpg 300w, https:\/\/auseklitis.eu\/wp-content\/uploads\/2023\/10\/20230908_170031-768x576.jpg 768w, https:\/\/auseklitis.eu\/wp-content\/uploads\/2023\/10\/20230908_170031-1536x1152.jpg 1536w, https:\/\/auseklitis.eu\/wp-content\/uploads\/2023\/10\/20230908_170031-2048x1536.jpg 2048w, https:\/\/auseklitis.eu\/wp-content\/uploads\/2023\/10\/20230908_170031-600x450.jpg 600w, https:\/\/auseklitis.eu\/wp-content\/uploads\/2023\/10\/20230908_170031-160x120.jpg 160w\" sizes=\"auto, (max-width: 3000px) 100vw, 3000px\" \/><\/figure>\n\n\n\n<figure class=\"wp-block-image size-large\"><img loading=\"lazy\" decoding=\"async\" width=\"3000\" height=\"1688\" data-id=\"11348\" src=\"https:\/\/auseklitis.eu\/wp-content\/uploads\/2023\/10\/20230906_153650-3000x1688.jpg\" alt=\"\" class=\"wp-image-11348\" srcset=\"https:\/\/auseklitis.eu\/wp-content\/uploads\/2023\/10\/20230906_153650-3000x1688.jpg 3000w, https:\/\/auseklitis.eu\/wp-content\/uploads\/2023\/10\/20230906_153650-300x169.jpg 300w, https:\/\/auseklitis.eu\/wp-content\/uploads\/2023\/10\/20230906_153650-768x432.jpg 768w, https:\/\/auseklitis.eu\/wp-content\/uploads\/2023\/10\/20230906_153650-1536x864.jpg 1536w, https:\/\/auseklitis.eu\/wp-content\/uploads\/2023\/10\/20230906_153650-2048x1152.jpg 2048w, https:\/\/auseklitis.eu\/wp-content\/uploads\/2023\/10\/20230906_153650-600x338.jpg 600w\" sizes=\"auto, (max-width: 3000px) 100vw, 3000px\" \/><\/figure>\n\n\n\n<figure class=\"wp-block-image size-large\"><img loading=\"lazy\" decoding=\"async\" width=\"3000\" height=\"2250\" data-id=\"11347\" src=\"https:\/\/auseklitis.eu\/wp-content\/uploads\/2023\/10\/20230905_152327-3000x2250.jpg\" alt=\"\" class=\"wp-image-11347\" srcset=\"https:\/\/auseklitis.eu\/wp-content\/uploads\/2023\/10\/20230905_152327-3000x2250.jpg 3000w, https:\/\/auseklitis.eu\/wp-content\/uploads\/2023\/10\/20230905_152327-300x225.jpg 300w, https:\/\/auseklitis.eu\/wp-content\/uploads\/2023\/10\/20230905_152327-768x576.jpg 768w, https:\/\/auseklitis.eu\/wp-content\/uploads\/2023\/10\/20230905_152327-1536x1152.jpg 1536w, https:\/\/auseklitis.eu\/wp-content\/uploads\/2023\/10\/20230905_152327-2048x1536.jpg 2048w, https:\/\/auseklitis.eu\/wp-content\/uploads\/2023\/10\/20230905_152327-600x450.jpg 600w, https:\/\/auseklitis.eu\/wp-content\/uploads\/2023\/10\/20230905_152327-160x120.jpg 160w\" sizes=\"auto, (max-width: 3000px) 100vw, 3000px\" \/><\/figure>\n<\/figure>\n\n\n\n<p class=\"has-text-align-center has-large-font-size\"><strong><mark style=\"background-color:rgba(0, 0, 0, 0)\" class=\"has-inline-color has-vivid-purple-color\">Prieks par sniegu<\/mark><\/strong>!<\/p>\n\n\n\n<figure class=\"wp-block-gallery has-nested-images columns-default is-cropped wp-block-gallery-3 is-layout-flex wp-block-gallery-is-layout-flex\">\n<figure class=\"wp-block-image size-large\"><img loading=\"lazy\" decoding=\"async\" width=\"2016\" height=\"1512\" data-id=\"11024\" src=\"https:\/\/auseklitis.eu\/wp-content\/uploads\/2022\/11\/IMG-20221129-WA0000.jpg\" alt=\"\" class=\"wp-image-11024\" srcset=\"https:\/\/auseklitis.eu\/wp-content\/uploads\/2022\/11\/IMG-20221129-WA0000.jpg 2016w, https:\/\/auseklitis.eu\/wp-content\/uploads\/2022\/11\/IMG-20221129-WA0000-300x225.jpg 300w, https:\/\/auseklitis.eu\/wp-content\/uploads\/2022\/11\/IMG-20221129-WA0000-768x576.jpg 768w, https:\/\/auseklitis.eu\/wp-content\/uploads\/2022\/11\/IMG-20221129-WA0000-1536x1152.jpg 1536w, https:\/\/auseklitis.eu\/wp-content\/uploads\/2022\/11\/IMG-20221129-WA0000-600x450.jpg 600w, https:\/\/auseklitis.eu\/wp-content\/uploads\/2022\/11\/IMG-20221129-WA0000-160x120.jpg 160w\" sizes=\"auto, (max-width: 2016px) 100vw, 2016px\" \/><\/figure>\n\n\n\n<figure class=\"wp-block-image size-large\"><img loading=\"lazy\" decoding=\"async\" width=\"1512\" height=\"2016\" data-id=\"11023\" src=\"https:\/\/auseklitis.eu\/wp-content\/uploads\/2022\/11\/IMG-20221129-WA0001.jpg\" alt=\"\" class=\"wp-image-11023\" srcset=\"https:\/\/auseklitis.eu\/wp-content\/uploads\/2022\/11\/IMG-20221129-WA0001.jpg 1512w, https:\/\/auseklitis.eu\/wp-content\/uploads\/2022\/11\/IMG-20221129-WA0001-225x300.jpg 225w, https:\/\/auseklitis.eu\/wp-content\/uploads\/2022\/11\/IMG-20221129-WA0001-768x1024.jpg 768w, https:\/\/auseklitis.eu\/wp-content\/uploads\/2022\/11\/IMG-20221129-WA0001-1152x1536.jpg 1152w, https:\/\/auseklitis.eu\/wp-content\/uploads\/2022\/11\/IMG-20221129-WA0001-600x800.jpg 600w\" sizes=\"auto, (max-width: 1512px) 100vw, 1512px\" \/><\/figure>\n\n\n\n<figure class=\"wp-block-image size-large\"><img loading=\"lazy\" decoding=\"async\" width=\"1512\" height=\"2016\" data-id=\"11026\" src=\"https:\/\/auseklitis.eu\/wp-content\/uploads\/2022\/11\/IMG-20221129-WA0003.jpg\" alt=\"\" class=\"wp-image-11026\" srcset=\"https:\/\/auseklitis.eu\/wp-content\/uploads\/2022\/11\/IMG-20221129-WA0003.jpg 1512w, https:\/\/auseklitis.eu\/wp-content\/uploads\/2022\/11\/IMG-20221129-WA0003-225x300.jpg 225w, https:\/\/auseklitis.eu\/wp-content\/uploads\/2022\/11\/IMG-20221129-WA0003-768x1024.jpg 768w, https:\/\/auseklitis.eu\/wp-content\/uploads\/2022\/11\/IMG-20221129-WA0003-1152x1536.jpg 1152w, https:\/\/auseklitis.eu\/wp-content\/uploads\/2022\/11\/IMG-20221129-WA0003-600x800.jpg 600w\" sizes=\"auto, (max-width: 1512px) 100vw, 1512px\" \/><\/figure>\n\n\n\n<figure class=\"wp-block-image size-large\"><img loading=\"lazy\" decoding=\"async\" width=\"1512\" height=\"2016\" data-id=\"11022\" src=\"https:\/\/auseklitis.eu\/wp-content\/uploads\/2022\/11\/IMG-20221129-WA0004.jpg\" alt=\"\" class=\"wp-image-11022\" srcset=\"https:\/\/auseklitis.eu\/wp-content\/uploads\/2022\/11\/IMG-20221129-WA0004.jpg 1512w, https:\/\/auseklitis.eu\/wp-content\/uploads\/2022\/11\/IMG-20221129-WA0004-225x300.jpg 225w, https:\/\/auseklitis.eu\/wp-content\/uploads\/2022\/11\/IMG-20221129-WA0004-768x1024.jpg 768w, https:\/\/auseklitis.eu\/wp-content\/uploads\/2022\/11\/IMG-20221129-WA0004-1152x1536.jpg 1152w, https:\/\/auseklitis.eu\/wp-content\/uploads\/2022\/11\/IMG-20221129-WA0004-600x800.jpg 600w\" sizes=\"auto, (max-width: 1512px) 100vw, 1512px\" \/><\/figure>\n\n\n\n<figure class=\"wp-block-image size-large\"><img loading=\"lazy\" decoding=\"async\" width=\"1600\" height=\"1201\" data-id=\"11025\" src=\"https:\/\/auseklitis.eu\/wp-content\/uploads\/2022\/11\/IMG-20221129-WA0006.jpg\" alt=\"\" class=\"wp-image-11025\" srcset=\"https:\/\/auseklitis.eu\/wp-content\/uploads\/2022\/11\/IMG-20221129-WA0006.jpg 1600w, https:\/\/auseklitis.eu\/wp-content\/uploads\/2022\/11\/IMG-20221129-WA0006-300x225.jpg 300w, https:\/\/auseklitis.eu\/wp-content\/uploads\/2022\/11\/IMG-20221129-WA0006-768x576.jpg 768w, https:\/\/auseklitis.eu\/wp-content\/uploads\/2022\/11\/IMG-20221129-WA0006-1536x1153.jpg 1536w, https:\/\/auseklitis.eu\/wp-content\/uploads\/2022\/11\/IMG-20221129-WA0006-600x450.jpg 600w, https:\/\/auseklitis.eu\/wp-content\/uploads\/2022\/11\/IMG-20221129-WA0006-160x120.jpg 160w\" sizes=\"auto, (max-width: 1600px) 100vw, 1600px\" \/><\/figure>\n<\/figure>\n\n\n\n<p><\/p>\n\n\n\n<p class=\"has-large-font-size\"><strong><mark style=\"background-color:rgba(0, 0, 0, 0)\" class=\"has-inline-color has-vivid-green-cyan-color\">Viena jauka diena august\u0101<\/mark><\/strong><\/p>\n\n\n\n<figure class=\"wp-block-gallery has-nested-images columns-default is-cropped wp-block-gallery-4 is-layout-flex wp-block-gallery-is-layout-flex\">\n<figure class=\"wp-block-image size-large\"><img loading=\"lazy\" decoding=\"async\" width=\"1600\" height=\"719\" data-id=\"10740\" src=\"https:\/\/auseklitis.eu\/wp-content\/uploads\/2022\/08\/IMG-20220816-WA0010-1.jpg\" alt=\"\" class=\"wp-image-10740\" srcset=\"https:\/\/auseklitis.eu\/wp-content\/uploads\/2022\/08\/IMG-20220816-WA0010-1.jpg 1600w, https:\/\/auseklitis.eu\/wp-content\/uploads\/2022\/08\/IMG-20220816-WA0010-1-300x135.jpg 300w, https:\/\/auseklitis.eu\/wp-content\/uploads\/2022\/08\/IMG-20220816-WA0010-1-768x345.jpg 768w, https:\/\/auseklitis.eu\/wp-content\/uploads\/2022\/08\/IMG-20220816-WA0010-1-1536x690.jpg 1536w, https:\/\/auseklitis.eu\/wp-content\/uploads\/2022\/08\/IMG-20220816-WA0010-1-600x270.jpg 600w\" sizes=\"auto, (max-width: 1600px) 100vw, 1600px\" \/><\/figure>\n\n\n\n<figure class=\"wp-block-image size-large\"><img loading=\"lazy\" decoding=\"async\" width=\"1600\" height=\"719\" data-id=\"10742\" src=\"https:\/\/auseklitis.eu\/wp-content\/uploads\/2022\/08\/IMG-20220816-WA0011-1.jpg\" alt=\"\" class=\"wp-image-10742\" srcset=\"https:\/\/auseklitis.eu\/wp-content\/uploads\/2022\/08\/IMG-20220816-WA0011-1.jpg 1600w, https:\/\/auseklitis.eu\/wp-content\/uploads\/2022\/08\/IMG-20220816-WA0011-1-300x135.jpg 300w, https:\/\/auseklitis.eu\/wp-content\/uploads\/2022\/08\/IMG-20220816-WA0011-1-768x345.jpg 768w, https:\/\/auseklitis.eu\/wp-content\/uploads\/2022\/08\/IMG-20220816-WA0011-1-1536x690.jpg 1536w, https:\/\/auseklitis.eu\/wp-content\/uploads\/2022\/08\/IMG-20220816-WA0011-1-600x270.jpg 600w\" sizes=\"auto, (max-width: 1600px) 100vw, 1600px\" \/><\/figure>\n\n\n\n<figure class=\"wp-block-image size-large\"><img loading=\"lazy\" decoding=\"async\" width=\"1600\" height=\"1200\" data-id=\"10741\" src=\"https:\/\/auseklitis.eu\/wp-content\/uploads\/2022\/08\/IMG-20220816-WA0012.jpg\" alt=\"\" class=\"wp-image-10741\" srcset=\"https:\/\/auseklitis.eu\/wp-content\/uploads\/2022\/08\/IMG-20220816-WA0012.jpg 1600w, https:\/\/auseklitis.eu\/wp-content\/uploads\/2022\/08\/IMG-20220816-WA0012-300x225.jpg 300w, https:\/\/auseklitis.eu\/wp-content\/uploads\/2022\/08\/IMG-20220816-WA0012-768x576.jpg 768w, https:\/\/auseklitis.eu\/wp-content\/uploads\/2022\/08\/IMG-20220816-WA0012-1536x1152.jpg 1536w, https:\/\/auseklitis.eu\/wp-content\/uploads\/2022\/08\/IMG-20220816-WA0012-600x450.jpg 600w, https:\/\/auseklitis.eu\/wp-content\/uploads\/2022\/08\/IMG-20220816-WA0012-160x120.jpg 160w\" sizes=\"auto, (max-width: 1600px) 100vw, 1600px\" \/><\/figure>\n\n\n\n<figure class=\"wp-block-image size-large\"><img loading=\"lazy\" decoding=\"async\" width=\"1114\" height=\"1510\" data-id=\"10739\" src=\"https:\/\/auseklitis.eu\/wp-content\/uploads\/2022\/08\/IMG-20220816-WA0013.jpg\" alt=\"\" class=\"wp-image-10739\" srcset=\"https:\/\/auseklitis.eu\/wp-content\/uploads\/2022\/08\/IMG-20220816-WA0013.jpg 1114w, https:\/\/auseklitis.eu\/wp-content\/uploads\/2022\/08\/IMG-20220816-WA0013-221x300.jpg 221w, https:\/\/auseklitis.eu\/wp-content\/uploads\/2022\/08\/IMG-20220816-WA0013-768x1041.jpg 768w, https:\/\/auseklitis.eu\/wp-content\/uploads\/2022\/08\/IMG-20220816-WA0013-600x813.jpg 600w\" sizes=\"auto, (max-width: 1114px) 100vw, 1114px\" \/><\/figure>\n\n\n\n<figure class=\"wp-block-image size-large\"><img loading=\"lazy\" decoding=\"async\" width=\"1512\" height=\"1079\" data-id=\"10738\" src=\"https:\/\/auseklitis.eu\/wp-content\/uploads\/2022\/08\/IMG-20220816-WA0014.jpg\" alt=\"\" class=\"wp-image-10738\" srcset=\"https:\/\/auseklitis.eu\/wp-content\/uploads\/2022\/08\/IMG-20220816-WA0014.jpg 1512w, https:\/\/auseklitis.eu\/wp-content\/uploads\/2022\/08\/IMG-20220816-WA0014-300x214.jpg 300w, https:\/\/auseklitis.eu\/wp-content\/uploads\/2022\/08\/IMG-20220816-WA0014-768x548.jpg 768w, https:\/\/auseklitis.eu\/wp-content\/uploads\/2022\/08\/IMG-20220816-WA0014-600x428.jpg 600w\" sizes=\"auto, (max-width: 1512px) 100vw, 1512px\" \/><\/figure>\n<\/figure>\n","protected":false},"excerpt":{"rendered":"<p>Tinam, pinam, rot\u0101jam! &#8220;Za\u013c\u0101s prasmes&#8221;. Projekts. Prieks par sniegu! Viena jauka diena august\u0101<\/p>\n","protected":false},"author":1,"featured_media":0,"parent":0,"menu_order":0,"comment_status":"closed","ping_status":"closed","template":"","meta":{"footnotes":""},"class_list":["post-2778","page","type-page","status-publish","hentry"],"_links":{"self":[{"href":"https:\/\/auseklitis.eu\/index.php?rest_route=\/wp\/v2\/pages\/2778","targetHints":{"allow":["GET"]}}],"collection":[{"href":"https:\/\/auseklitis.eu\/index.php?rest_route=\/wp\/v2\/pages"}],"about":[{"href":"https:\/\/auseklitis.eu\/index.php?rest_route=\/wp\/v2\/types\/page"}],"author":[{"embeddable":true,"href":"https:\/\/auseklitis.eu\/index.php?rest_route=\/wp\/v2\/users\/1"}],"replies":[{"embeddable":true,"href":"https:\/\/auseklitis.eu\/index.php?rest_route=%2Fwp%2Fv2%2Fcomments&post=2778"}],"version-history":[{"count":388,"href":"https:\/\/auseklitis.eu\/index.php?rest_route=\/wp\/v2\/pages\/2778\/revisions"}],"predecessor-version":[{"id":11476,"href":"https:\/\/auseklitis.eu\/index.php?rest_route=\/wp\/v2\/pages\/2778\/revisions\/11476"}],"wp:attachment":[{"href":"https:\/\/auseklitis.eu\/index.php?rest_route=%2Fwp%2Fv2%2Fmedia&parent=2778"}],"curies":[{"name":"wp","href":"https:\/\/api.w.org\/{rel}","templated":true}]}}