{"id":11609,"date":"2024-11-01T18:44:43","date_gmt":"2024-11-01T15:44:43","guid":{"rendered":"https:\/\/auseklitis.eu\/?page_id=11609"},"modified":"2024-11-17T14:24:35","modified_gmt":"2024-11-17T11:24:35","slug":"pasnovertejuma-zinojums-2024","status":"publish","type":"page","link":"https:\/\/auseklitis.eu\/?page_id=11609","title":{"rendered":"Pa\u0161nov\u0113rt\u0113juma zi\u0146ojums 2024"},"content":{"rendered":"\n<div data-wp-interactive=\"core\/file\" class=\"wp-block-file\"><object data-wp-bind--hidden=\"!state.hasPdfPreview\" hidden class=\"wp-block-file__embed\" data=\"https:\/\/auseklitis.eu\/wp-content\/uploads\/2024\/11\/zinojums.pdf\" type=\"application\/pdf\" style=\"width:100%;height:450px\" aria-label=\"Iegult zi\u0146ojums.\"><\/object><a id=\"wp-block-file--media-2377ac25-c5d5-41ef-b8b2-8d446df62792\" href=\"https:\/\/auseklitis.eu\/wp-content\/uploads\/2024\/11\/zinojums.pdf\">zi\u0146ojums<\/a><a href=\"https:\/\/auseklitis.eu\/wp-content\/uploads\/2024\/11\/zinojums.pdf\" class=\"wp-block-file__button wp-element-button\" download aria-describedby=\"wp-block-file--media-2377ac25-c5d5-41ef-b8b2-8d446df62792\">Lejupiel\u0101d\u0113t<\/a><\/div>\n\n\n\n<p><\/p>\n","protected":false},"excerpt":{"rendered":"","protected":false},"author":1,"featured_media":0,"parent":0,"menu_order":0,"comment_status":"closed","ping_status":"closed","template":"","meta":{"footnotes":""},"class_list":["post-11609","page","type-page","status-publish","hentry"],"_links":{"self":[{"href":"https:\/\/auseklitis.eu\/index.php?rest_route=\/wp\/v2\/pages\/11609","targetHints":{"allow":["GET"]}}],"collection":[{"href":"https:\/\/auseklitis.eu\/index.php?rest_route=\/wp\/v2\/pages"}],"about":[{"href":"https:\/\/auseklitis.eu\/index.php?rest_route=\/wp\/v2\/types\/page"}],"author":[{"embeddable":true,"href":"https:\/\/auseklitis.eu\/index.php?rest_route=\/wp\/v2\/users\/1"}],"replies":[{"embeddable":true,"href":"https:\/\/auseklitis.eu\/index.php?rest_route=%2Fwp%2Fv2%2Fcomments&post=11609"}],"version-history":[{"count":6,"href":"https:\/\/auseklitis.eu\/index.php?rest_route=\/wp\/v2\/pages\/11609\/revisions"}],"predecessor-version":[{"id":11626,"href":"https:\/\/auseklitis.eu\/index.php?rest_route=\/wp\/v2\/pages\/11609\/revisions\/11626"}],"wp:attachment":[{"href":"https:\/\/auseklitis.eu\/index.php?rest_route=%2Fwp%2Fv2%2Fmedia&parent=11609"}],"curies":[{"name":"wp","href":"https:\/\/api.w.org\/{rel}","templated":true}]}}