{"id":10577,"date":"2022-01-17T20:55:53","date_gmt":"2022-01-17T17:55:53","guid":{"rendered":"http:\/\/auseklitis.eu\/?page_id=10577"},"modified":"2023-11-16T11:08:45","modified_gmt":"2023-11-16T08:08:45","slug":"pasnovertejuma-zinojums-2021","status":"publish","type":"page","link":"https:\/\/auseklitis.eu\/?page_id=10577","title":{"rendered":"Pa\u0161nov\u0113rt\u0113juma zi\u0146ojums 2021"},"content":{"rendered":"\n<div data-wp-interactive=\"core\/file\" class=\"wp-block-file\"><object data-wp-bind--hidden=\"!state.hasPdfPreview\" hidden class=\"wp-block-file__embed\" data=\"https:\/\/auseklitis.eu\/wp-content\/uploads\/2023\/11\/Pasnovertejuma-zinojums-1.pdf\" type=\"application\/pdf\" style=\"width:100%;height:600px\" aria-label=\"Iegult Pasnovertejuma-zinojums-1.\"><\/object><a id=\"wp-block-file--media-9b76d979-d7f6-4e56-b69d-9d89c804fa65\" href=\"https:\/\/auseklitis.eu\/wp-content\/uploads\/2023\/11\/Pasnovertejuma-zinojums-1.pdf\">Pasnovertejuma-zinojums-1<\/a><a href=\"https:\/\/auseklitis.eu\/wp-content\/uploads\/2023\/11\/Pasnovertejuma-zinojums-1.pdf\" class=\"wp-block-file__button wp-element-button\" download aria-describedby=\"wp-block-file--media-9b76d979-d7f6-4e56-b69d-9d89c804fa65\">Lejupiel\u0101d\u0113t<\/a><\/div>\n","protected":false},"excerpt":{"rendered":"","protected":false},"author":1,"featured_media":0,"parent":0,"menu_order":0,"comment_status":"closed","ping_status":"closed","template":"","meta":{"footnotes":""},"class_list":["post-10577","page","type-page","status-publish","hentry"],"_links":{"self":[{"href":"https:\/\/auseklitis.eu\/index.php?rest_route=\/wp\/v2\/pages\/10577","targetHints":{"allow":["GET"]}}],"collection":[{"href":"https:\/\/auseklitis.eu\/index.php?rest_route=\/wp\/v2\/pages"}],"about":[{"href":"https:\/\/auseklitis.eu\/index.php?rest_route=\/wp\/v2\/types\/page"}],"author":[{"embeddable":true,"href":"https:\/\/auseklitis.eu\/index.php?rest_route=\/wp\/v2\/users\/1"}],"replies":[{"embeddable":true,"href":"https:\/\/auseklitis.eu\/index.php?rest_route=%2Fwp%2Fv2%2Fcomments&post=10577"}],"version-history":[{"count":5,"href":"https:\/\/auseklitis.eu\/index.php?rest_route=\/wp\/v2\/pages\/10577\/revisions"}],"predecessor-version":[{"id":11443,"href":"https:\/\/auseklitis.eu\/index.php?rest_route=\/wp\/v2\/pages\/10577\/revisions\/11443"}],"wp:attachment":[{"href":"https:\/\/auseklitis.eu\/index.php?rest_route=%2Fwp%2Fv2%2Fmedia&parent=10577"}],"curies":[{"name":"wp","href":"https:\/\/api.w.org\/{rel}","templated":true}]}}