{"id":10446,"date":"2021-10-24T10:34:03","date_gmt":"2021-10-24T07:34:03","guid":{"rendered":"http:\/\/auseklitis.eu\/?page_id=10446"},"modified":"2021-10-25T12:33:52","modified_gmt":"2021-10-25T09:33:52","slug":"e-adrese","status":"publish","type":"page","link":"https:\/\/auseklitis.eu\/?page_id=10446","title":{"rendered":"E-adrese"},"content":{"rendered":"<h1 style=\"text-align: center;\"><a href=\"https:\/\/www.latvija.lv\/lv\/Eaddress\/write?address=_default@40900019221\">Raksti mums uz e-adresi<\/a><\/h1>\n<h3><\/h3>\n<h3 style=\"text-align: center;\">PDF pielikumi:<\/h3>\n<p style=\"text-align: center;\"><a href=\"https:\/\/auseklitis.eu\/wp-content\/uploads\/2021\/10\/1E-adrese_drosai_sazinai.pdf\">Dro\u0161a sazi\u0146a e-adres\u0113<\/a><\/p>\n<p style=\"text-align: center;\"><a href=\"https:\/\/auseklitis.eu\/wp-content\/uploads\/2021\/10\/2E-adreses_prieksrocibas_v1.pdf\">E-adreses priek\u0161roc\u012bbas, 1.variants<\/a><\/p>\n<p style=\"text-align: center;\"><a href=\"https:\/\/auseklitis.eu\/wp-content\/uploads\/2021\/10\/3E-adreses_prieksrocibas_v2.pdf\">E-adreses priek\u0161roc\u012bbas, 2.variants<\/a><\/p>\n<p style=\"text-align: center;\"><a href=\"https:\/\/auseklitis.eu\/wp-content\/uploads\/2021\/10\/4Informativs_materials_par_e-adresi.pdf\">Informat\u012bvs materi\u0101ls par e-adresi<\/a><\/p>\n<p style=\"text-align: center;\"><a href=\"https:\/\/auseklitis.eu\/wp-content\/uploads\/2021\/10\/6E-risinajumi_LV_RU.pdf\">E-risin\u0101jumi, latvie\u0161u un krievu valod\u0101s<\/a><\/p>\n<p style=\"text-align: center;\"><a href=\"https:\/\/auseklitis.eu\/wp-content\/uploads\/2021\/10\/E-risinajumi_LV_EN.pdf\">E-risin\u0101jumi, latvie\u0161u un ang\u013cu valod\u0101s<\/a><\/p>\n","protected":false},"excerpt":{"rendered":"<p>Raksti mums uz e-adresi PDF pielikumi: Dro\u0161a sazi\u0146a e-adres\u0113 E-adreses priek\u0161roc\u012bbas, 1.variants E-adreses priek\u0161roc\u012bbas, 2.variants Informat\u012bvs materi\u0101ls par e-adresi E-risin\u0101jumi, latvie\u0161u un krievu valod\u0101s E-risin\u0101jumi, latvie\u0161u un ang\u013cu valod\u0101s<\/p>\n","protected":false},"author":1,"featured_media":0,"parent":0,"menu_order":0,"comment_status":"closed","ping_status":"closed","template":"","meta":{"footnotes":""},"class_list":["post-10446","page","type-page","status-publish","hentry"],"_links":{"self":[{"href":"https:\/\/auseklitis.eu\/index.php?rest_route=\/wp\/v2\/pages\/10446","targetHints":{"allow":["GET"]}}],"collection":[{"href":"https:\/\/auseklitis.eu\/index.php?rest_route=\/wp\/v2\/pages"}],"about":[{"href":"https:\/\/auseklitis.eu\/index.php?rest_route=\/wp\/v2\/types\/page"}],"author":[{"embeddable":true,"href":"https:\/\/auseklitis.eu\/index.php?rest_route=\/wp\/v2\/users\/1"}],"replies":[{"embeddable":true,"href":"https:\/\/auseklitis.eu\/index.php?rest_route=%2Fwp%2Fv2%2Fcomments&post=10446"}],"version-history":[{"count":19,"href":"https:\/\/auseklitis.eu\/index.php?rest_route=\/wp\/v2\/pages\/10446\/revisions"}],"predecessor-version":[{"id":10474,"href":"https:\/\/auseklitis.eu\/index.php?rest_route=\/wp\/v2\/pages\/10446\/revisions\/10474"}],"wp:attachment":[{"href":"https:\/\/auseklitis.eu\/index.php?rest_route=%2Fwp%2Fv2%2Fmedia&parent=10446"}],"curies":[{"name":"wp","href":"https:\/\/api.w.org\/{rel}","templated":true}]}}